{"id":403,"date":"2021-09-07T15:52:03","date_gmt":"2021-09-07T20:52:03","guid":{"rendered":"https:\/\/fgl.com.mx\/?page_id=403"},"modified":"2021-10-04T17:12:39","modified_gmt":"2021-10-04T22:12:39","slug":"trayectoria","status":"publish","type":"page","link":"https:\/\/fgl.com.mx\/index.php\/trayectoria\/","title":{"rendered":"Trayectoria"},"content":{"rendered":"\t\t<div data-elementor-type=\"wp-page\" data-elementor-id=\"403\" class=\"elementor elementor-403\" data-elementor-settings=\"[]\">\n\t\t\t\t\t\t\t<div class=\"elementor-section-wrap\">\n\t\t\t\t\t\t\t<section class=\"elementor-section elementor-top-section elementor-element elementor-element-7077426 elementor-section-boxed elementor-section-height-default elementor-section-height-default\" data-id=\"7077426\" data-element_type=\"section\">\n\t\t\t\t\t\t<div class=\"elementor-container elementor-column-gap-default\">\n\t\t\t\t\t<div class=\"elementor-column elementor-col-100 elementor-top-column elementor-element elementor-element-5169a1b\" data-id=\"5169a1b\" data-element_type=\"column\">\n\t\t\t<div class=\"elementor-widget-wrap elementor-element-populated\">\n\t\t\t\t\t\t\t\t<div class=\"elementor-element elementor-element-52057ce elementor-widget elementor-widget-text-editor\" data-id=\"52057ce\" data-element_type=\"widget\" data-widget_type=\"text-editor.default\">\n\t\t\t\t<div class=\"elementor-widget-container\">\n\t\t\t\t\t\t\t<p>Iniciando el a\u00f1o 2010, FGL contin\u00faa con su trayectoria ascendente.<\/p><p>Como resultado de los a\u00f1os de servicio continuo que el mercado nacional le ha reconocido a esta empresa, nunca ha dejado de crecer, rompiendo a\u00f1o con a\u00f1o la meta de ventas del a\u00f1o inmediato anterior.<\/p><p>Actualmente FGL maneja m\u00e1s de 30 marcas diferentes, destacando las distribuciones exclusivas de Portex, DHD, Level 1, King Systems, Molecular Products, y Medovations, productos de insuperable calidad que han tratado de ser imitados pero no han sido igualados.<\/p><p>Se\u00a0cuenta con:<\/p><ul><li><p>3 sucursales (Monterrey, Guadalajara\u00a0y M\u00e9rida)<\/p><\/li><li><p>Un portafolio de 1,200 productos,\u00a0para Anestesiolog\u00eda, Terapia Respiratoria y Cuidados Intensivos<\/p><\/li><li><p>M\u00e1s de 1,600 clientes activos.<\/p><\/li><li><p>Contacto directo con 538 centros de\u00a0atenci\u00f3n m\u00e9dica.<\/p><\/li><li><p>Un s\u00f3lido equipo de 56 profesionales,\u00a0de los cuales 48 atienden clientes con una profunda vocaci\u00f3n de servicio.<\/p><\/li><li><p>Hoy en d\u00eda nuestra principal\u00a0preocupaci\u00f3n es encontrar nuevas estrategias para mantener el privilegio y la\u00a0oportunidad de servir a nuestros clientes que son la raz\u00f3n de nuestra\u00a0existencia.<\/p><\/li><\/ul>\t\t\t\t\t\t<\/div>\n\t\t\t\t<\/div>\n\t\t\t\t\t<\/div>\n\t\t<\/div>\n\t\t\t\t\t\t\t<\/div>\n\t\t<\/section>\n\t\t\t\t\t\t<\/div>\n\t\t\t\t\t<\/div>\n\t\t","protected":false},"excerpt":{"rendered":"<p>Iniciando el a\u00f1o 2010, FGL contin\u00faa con su trayectoria ascendente. Como resultado de los a\u00f1os de servicio continuo que el mercado nacional le ha reconocido a esta empresa, nunca ha dejado de crecer, rompiendo a\u00f1o con a\u00f1o la meta de ventas del a\u00f1o inmediato anterior. Actualmente FGL maneja m\u00e1s de 30 marcas diferentes, destacando las<\/p>\n<div class=\"more-link\">\n\t\t\t\t <a href=\"https:\/\/fgl.com.mx\/index.php\/trayectoria\/\" class=\"btn theme-btn\"><span>Continuar Leyendo <\/span><i class=\"icofont-thin-double-right\"><\/i><\/a>\n\t\t\t<\/div>\n","protected":false},"author":1,"featured_media":0,"parent":0,"menu_order":0,"comment_status":"closed","ping_status":"closed","template":"","meta":{"footnotes":""},"blog_post_layout_featured_media_urls":{"thumbnail":"","full":""},"categories_names":null,"comments_number":"0","_links":{"self":[{"href":"https:\/\/fgl.com.mx\/index.php\/wp-json\/wp\/v2\/pages\/403"}],"collection":[{"href":"https:\/\/fgl.com.mx\/index.php\/wp-json\/wp\/v2\/pages"}],"about":[{"href":"https:\/\/fgl.com.mx\/index.php\/wp-json\/wp\/v2\/types\/page"}],"author":[{"embeddable":true,"href":"https:\/\/fgl.com.mx\/index.php\/wp-json\/wp\/v2\/users\/1"}],"replies":[{"embeddable":true,"href":"https:\/\/fgl.com.mx\/index.php\/wp-json\/wp\/v2\/comments?post=403"}],"version-history":[{"count":11,"href":"https:\/\/fgl.com.mx\/index.php\/wp-json\/wp\/v2\/pages\/403\/revisions"}],"predecessor-version":[{"id":1459,"href":"https:\/\/fgl.com.mx\/index.php\/wp-json\/wp\/v2\/pages\/403\/revisions\/1459"}],"wp:attachment":[{"href":"https:\/\/fgl.com.mx\/index.php\/wp-json\/wp\/v2\/media?parent=403"}],"curies":[{"name":"wp","href":"https:\/\/api.w.org\/{rel}","templated":true}]}}