{"id":1062,"date":"2021-09-29T11:33:24","date_gmt":"2021-09-29T16:33:24","guid":{"rendered":"https:\/\/fgl.com.mx\/?post_type=product&#038;p=1062"},"modified":"2022-03-29T14:49:36","modified_gmt":"2022-03-29T20:49:36","slug":"bomba-perfusor-space","status":"publish","type":"product","link":"https:\/\/fgl.com.mx\/index.php\/product\/bomba-perfusor-space\/","title":{"rendered":"Bomba PERFUSOR\u00ae Space"},"content":{"rendered":"<p>La Bomba PERFUSOR\u00ae Space cuenta con caracter\u00edsticas de administraci\u00f3n avanzadas que ofrecen seguridad y precisi\u00f3n, es ideal para quir\u00f3fanos, atenci\u00f3n de adultos, entornos pedi\u00e1tricos y de emergencia donde la facilidad de uso y la administraci\u00f3n precisa de medicamentos son fundamentales.<\/p>\n<p>El sistema es f\u00e1cil de aprender y de programar, incluye un software integrado de reducci\u00f3n de errores y una biblioteca de medicamentos que se adapta tanto a l\u00edmites estrictos como suaves, tiene grandes flechas de navegaci\u00f3n y una pantalla que es visible en cualquier condici\u00f3n de luz.<\/p>\n<p>Caracter\u00edsticas clave:<\/p>\n<ul>\n<li>Modularidad independiente: un microprocesador en cada bomba que ayuda a evitar la confusi\u00f3n de canales y fallas catastr\u00f3ficas de la bomba.<\/li>\n<li>Almacenamiento sencillo: el apilamiento vertical ocupa menos espacio para una mayor versatilidad.<\/li>\n<li>KeyGuard\u2122: Teclado no num\u00e9rico con flechas simples para ayudar a prevenir errores de programaci\u00f3n manual.<\/li>\n<li>La interfaz de usuario universal intuitiva reduce la capacitaci\u00f3n para el personal.<\/li>\n<li>Amplia biblioteca de f\u00e1rmacos con l\u00edmites r\u00edgidos y flexibles personalizables y avisos cl\u00ednicos.<\/li>\n<li>El freno de pist\u00f3n integrado ayuda a evitar el bolo involuntario durante el cambio de jeringa.<\/li>\n<li>Software de reducci\u00f3n de bolo posoclusi\u00f3n.<\/li>\n<li>La tecnolog\u00eda de accionamiento autom\u00e1tico garantiza precisi\u00f3n y seguridad<\/li>\n<li>Opciones de montaje de bomba de jeringa horizontal y vertical.<\/li>\n<li>Biblioteca de f\u00e1rmacos de 1500 entradas f\u00e1cil de aprender, intuitiva y f\u00e1cil de usar.<\/li>\n<li>Las alarmas son audibles, claramente visibles y diferenciadas usando diferentes tonos.<\/li>\n<li>La abrazadera de poste fuerte y liviana sostiene hasta tres bombas montadas horizontal o verticalmente.<\/li>\n<\/ul>\n","protected":false},"excerpt":{"rendered":"<p>Bomba de jeringa PERFUSOR\u00ae Space,<\/p>\n","protected":false},"featured_media":2677,"template":"","meta":[],"product_cat":[103],"product_tag":[],"blog_post_layout_featured_media_urls":{"thumbnail":["https:\/\/fgl.com.mx\/wp-content\/uploads\/2021\/09\/BRA-8713030-150x150.jpg",150,150,true],"full":["https:\/\/fgl.com.mx\/wp-content\/uploads\/2021\/09\/BRA-8713030.jpg",800,800,false]},"categories":["2"],"categories_names":{"2":{"name":"simple","link":"https:\/\/fgl.com.mx\/?taxonomy=product_type&term=simple"}},"comments_number":"0","_links":{"self":[{"href":"https:\/\/fgl.com.mx\/index.php\/wp-json\/wp\/v2\/product\/1062"}],"collection":[{"href":"https:\/\/fgl.com.mx\/index.php\/wp-json\/wp\/v2\/product"}],"about":[{"href":"https:\/\/fgl.com.mx\/index.php\/wp-json\/wp\/v2\/types\/product"}],"version-history":[{"count":6,"href":"https:\/\/fgl.com.mx\/index.php\/wp-json\/wp\/v2\/product\/1062\/revisions"}],"predecessor-version":[{"id":2679,"href":"https:\/\/fgl.com.mx\/index.php\/wp-json\/wp\/v2\/product\/1062\/revisions\/2679"}],"wp:featuredmedia":[{"embeddable":true,"href":"https:\/\/fgl.com.mx\/index.php\/wp-json\/wp\/v2\/media\/2677"}],"wp:attachment":[{"href":"https:\/\/fgl.com.mx\/index.php\/wp-json\/wp\/v2\/media?parent=1062"}],"wp:term":[{"taxonomy":"product_cat","embeddable":true,"href":"https:\/\/fgl.com.mx\/index.php\/wp-json\/wp\/v2\/product_cat?post=1062"},{"taxonomy":"product_tag","embeddable":true,"href":"https:\/\/fgl.com.mx\/index.php\/wp-json\/wp\/v2\/product_tag?post=1062"}],"curies":[{"name":"wp","href":"https:\/\/api.w.org\/{rel}","templated":true}]}}