{"id":1084,"date":"2021-09-29T11:49:33","date_gmt":"2021-09-29T16:49:33","guid":{"rendered":"https:\/\/fgl.com.mx\/?post_type=product&#038;p=1084"},"modified":"2022-03-29T13:04:28","modified_gmt":"2022-03-29T19:04:28","slug":"cable-de-alimenacion-bomba-space","status":"publish","type":"product","link":"https:\/\/fgl.com.mx\/index.php\/product\/cable-de-alimenacion-bomba-space\/","title":{"rendered":"Cable de alimenaci\u00f3n Bomba Space"},"content":{"rendered":"<p>Cable de alimentaci\u00f3n para bomba de infusi\u00f3n B. Braun Space.<\/p>\n","protected":false},"excerpt":{"rendered":"<p>Cable de alimentaci\u00f3n B Braun Space.<\/p>\n","protected":false},"featured_media":0,"template":"","meta":[],"product_cat":[103],"product_tag":[],"blog_post_layout_featured_media_urls":{"thumbnail":"","full":""},"categories":["2"],"categories_names":{"2":{"name":"simple","link":"https:\/\/fgl.com.mx\/?taxonomy=product_type&term=simple"}},"comments_number":"0","_links":{"self":[{"href":"https:\/\/fgl.com.mx\/index.php\/wp-json\/wp\/v2\/product\/1084"}],"collection":[{"href":"https:\/\/fgl.com.mx\/index.php\/wp-json\/wp\/v2\/product"}],"about":[{"href":"https:\/\/fgl.com.mx\/index.php\/wp-json\/wp\/v2\/types\/product"}],"version-history":[{"count":3,"href":"https:\/\/fgl.com.mx\/index.php\/wp-json\/wp\/v2\/product\/1084\/revisions"}],"predecessor-version":[{"id":2669,"href":"https:\/\/fgl.com.mx\/index.php\/wp-json\/wp\/v2\/product\/1084\/revisions\/2669"}],"wp:attachment":[{"href":"https:\/\/fgl.com.mx\/index.php\/wp-json\/wp\/v2\/media?parent=1084"}],"wp:term":[{"taxonomy":"product_cat","embeddable":true,"href":"https:\/\/fgl.com.mx\/index.php\/wp-json\/wp\/v2\/product_cat?post=1084"},{"taxonomy":"product_tag","embeddable":true,"href":"https:\/\/fgl.com.mx\/index.php\/wp-json\/wp\/v2\/product_tag?post=1084"}],"curies":[{"name":"wp","href":"https:\/\/api.w.org\/{rel}","templated":true}]}}