{"id":1099,"date":"2021-09-29T12:46:07","date_gmt":"2021-09-29T17:46:07","guid":{"rendered":"https:\/\/fgl.com.mx\/?post_type=product&#038;p=1099"},"modified":"2022-03-28T10:00:44","modified_gmt":"2022-03-28T16:00:44","slug":"canula-de-traqueostomia","status":"publish","type":"product","link":"https:\/\/fgl.com.mx\/index.php\/product\/canula-de-traqueostomia\/","title":{"rendered":"C\u00e1nula de traqueostom\u00eda Bivona\u00ae"},"content":{"rendered":"<p>Los c\u00e1nulas de traqueotom\u00eda Bivona<sup>\u00ae<\/sup> con ribete de cuello ajustable Hyperflex\u2122 se han dise\u00f1ado para adaptarse a anatom\u00edas infrecuentes, por lo que resulta innecesario usar c\u00e1nulas endotraqueales en el estoma traqueal.\u00a0Id\u00f3neos para pacientes con cuellos anchos o proconsulares, pacientes obesos y pacientes que han sufrido traumatismos.<\/p>\n<p>El ribete de cuello ajustable Hyperflex\u2122 es un c\u00e1nula universal que se puede ajustar seg\u00fan la ca\u00edda horizontal y vertical del cuerpo. El cuerpo de silicona largo y flexible est\u00e1 reforzado con alambre y se ha dise\u00f1ado para adaptarse a anatom\u00edas complejas de las v\u00edas respiratorias y ofrecer una v\u00eda respiratoria segura de forma temporal.<\/p>\n<p>El ribete de cuello ajustable permite modificar la posici\u00f3n en sentido horizontal y vertical para adaptarse de la mejor manera posible si la anatom\u00eda de las v\u00edas respiratorias de su paciente es an\u00f3mala y no se puede determinar el tama\u00f1o correcto del c\u00e1nula. El c\u00e1nula ajustable permite garantizar las v\u00edas respiratorias hasta que se pueda obtener el c\u00e1nula con ribete del cuello fijo con la longitud adecuada. Gracias al ribete del cuello ajustable es posible ajustar el c\u00e1nula sin extubar.<\/p>\n<p>El cuerpo del c\u00e1nula reforzado con alambre se ha dise\u00f1ado para mejorar la resistencia al acodamiento y la rotura. La estructura del c\u00e1nula de silicona permite que el c\u00e1nula siga siendo flexible en la tr\u00e1quea. El ribete del cuello ajustable Hyperflex\u2122 es condicional con respecto a RM para la obtenci\u00f3n de im\u00e1genes mediante resonancia magn\u00e9tica.<\/p>\n<p>VENTAJAS DEL PRODUCTO:<\/p>\n<div class=\"feature-detail\">\n<div>\n<p>Los c\u00e1nulas de traqueotom\u00eda Bivona\u00ae con ribete de cuello ajustable Hyperflex\u2122 se han dise\u00f1ado para lograr v\u00edas respiratorias seguras para pacientes con anatom\u00edas infrecuentes.<\/p>\n<ul>\n<li>Estructura flexible de silicona reforzada con alambre.<\/li>\n<li>Ribete de cuello ajustable para personalizaci\u00f3n inmediata sin necesidad de extubar.<\/li>\n<li>Las longitudes de cuerpo m\u00e1s largas para alojar anatom\u00edas de las v\u00edas respiratorias m\u00e1s infrecuentes.<\/li>\n<li>Condicional con respecto a RM para la obtenci\u00f3n de im\u00e1genes mediante resonancia magn\u00e9tica.<\/li>\n<\/ul>\n<\/div>\n<\/div>\n","protected":false},"excerpt":{"rendered":"<p>C\u00e1nulas de traqueotom\u00eda Bivona\u00ae para pacientes adultos TTS\u2122 con ribete de cuello ajustable Hyperflex\u2122<\/p>\n","protected":false},"featured_media":1137,"template":"","meta":[],"product_cat":[95],"product_tag":[],"blog_post_layout_featured_media_urls":{"thumbnail":["https:\/\/fgl.com.mx\/wp-content\/uploads\/2021\/09\/BV-67HA60-150x150.jpg",150,150,true],"full":["https:\/\/fgl.com.mx\/wp-content\/uploads\/2021\/09\/BV-67HA60.jpg",800,849,false]},"categories":["4"],"categories_names":{"4":{"name":"variable","link":"https:\/\/fgl.com.mx\/?taxonomy=product_type&term=variable"}},"comments_number":"0","_links":{"self":[{"href":"https:\/\/fgl.com.mx\/index.php\/wp-json\/wp\/v2\/product\/1099"}],"collection":[{"href":"https:\/\/fgl.com.mx\/index.php\/wp-json\/wp\/v2\/product"}],"about":[{"href":"https:\/\/fgl.com.mx\/index.php\/wp-json\/wp\/v2\/types\/product"}],"version-history":[{"count":3,"href":"https:\/\/fgl.com.mx\/index.php\/wp-json\/wp\/v2\/product\/1099\/revisions"}],"predecessor-version":[{"id":2643,"href":"https:\/\/fgl.com.mx\/index.php\/wp-json\/wp\/v2\/product\/1099\/revisions\/2643"}],"wp:featuredmedia":[{"embeddable":true,"href":"https:\/\/fgl.com.mx\/index.php\/wp-json\/wp\/v2\/media\/1137"}],"wp:attachment":[{"href":"https:\/\/fgl.com.mx\/index.php\/wp-json\/wp\/v2\/media?parent=1099"}],"wp:term":[{"taxonomy":"product_cat","embeddable":true,"href":"https:\/\/fgl.com.mx\/index.php\/wp-json\/wp\/v2\/product_cat?post=1099"},{"taxonomy":"product_tag","embeddable":true,"href":"https:\/\/fgl.com.mx\/index.php\/wp-json\/wp\/v2\/product_tag?post=1099"}],"curies":[{"name":"wp","href":"https:\/\/api.w.org\/{rel}","templated":true}]}}