{"id":1138,"date":"2021-09-29T13:13:11","date_gmt":"2021-09-29T18:13:11","guid":{"rendered":"https:\/\/fgl.com.mx\/?post_type=product&#038;p=1138"},"modified":"2022-03-25T11:35:27","modified_gmt":"2022-03-25T17:35:27","slug":"canula-para-traqueostomia-con-aspiracion-subglotica-adulto","status":"publish","type":"product","link":"https:\/\/fgl.com.mx\/index.php\/product\/canula-para-traqueostomia-con-aspiracion-subglotica-adulto\/","title":{"rendered":"Kit de c\u00e1nula de traqueotom\u00eda Blue Line Ultra\u00ae Suctionaid"},"content":{"rendered":"<p>Suministrado como kit en el que se incluye el c\u00e1nula de traqueotom\u00eda Blue Line Ultra\u00ae Suctionaid, dos c\u00e1nulas internas, un cepillo para la limpieza y un soporte para c\u00e1nulas de traqueotom\u00eda.<\/p>\n<p>VENTAJAS DEL PRODUCTO:<\/p>\n<div class=\"feature-detail\">\n<ul class=\"ord-list\">\n<li>El\u00a0c\u00e1nula Blue Line Ultra\u00ae Suctionaid dispone de un lumen de aspiraci\u00f3n integral que ayuda a eliminar las secreciones por encima del bal\u00f3n.<\/li>\n<li>PVC termosensible: aporta la rigidez inicial suficiente para la inserci\u00f3n y, despu\u00e9s, se ablanda a la temperatura corporal para adaptarse a la anatom\u00eda de cada paciente.<\/li>\n<li>\u00c1ngulo de 105\u00b0 para mejorar la comodidad in situ.<\/li>\n<li>El\u00a0c\u00e1nula es radiopaco para poder confirmar la posici\u00f3n del c\u00e1nula.<\/li>\n<li>Bal\u00f3n Soft Seal: flexible, baja presi\u00f3n, bal\u00f3n de gran volumen con di\u00e1metro superior del\u00a0bal\u00f3n en reposo.<\/li>\n<li>Las marcas claras en el globo piloto ofrecen informaci\u00f3n relevante.<\/li>\n<li>El ribete es suave y claro.<\/li>\n<li>El obturador cuenta con una pinza especial para minimizar el movimiento de la punta del c\u00e1nula durante la inserci\u00f3n.<\/li>\n<\/ul>\n<\/div>\n","protected":false},"excerpt":{"rendered":"<p>Kit de c\u00e1nula para traqueostom\u00eda con aspiraci\u00f3n subgl\u00f3tica para adulto.<\/p>\n","protected":false},"featured_media":1141,"template":"","meta":[],"product_cat":[99],"product_tag":[],"blog_post_layout_featured_media_urls":{"thumbnail":["https:\/\/fgl.com.mx\/wp-content\/uploads\/2021\/09\/P-100-870-060-1-1-150x150.jpg",150,150,true],"full":["https:\/\/fgl.com.mx\/wp-content\/uploads\/2021\/09\/P-100-870-060-1-1.jpg",800,800,false]},"categories":["4"],"categories_names":{"4":{"name":"variable","link":"https:\/\/fgl.com.mx\/?taxonomy=product_type&term=variable"}},"comments_number":"0","_links":{"self":[{"href":"https:\/\/fgl.com.mx\/index.php\/wp-json\/wp\/v2\/product\/1138"}],"collection":[{"href":"https:\/\/fgl.com.mx\/index.php\/wp-json\/wp\/v2\/product"}],"about":[{"href":"https:\/\/fgl.com.mx\/index.php\/wp-json\/wp\/v2\/types\/product"}],"version-history":[{"count":2,"href":"https:\/\/fgl.com.mx\/index.php\/wp-json\/wp\/v2\/product\/1138\/revisions"}],"predecessor-version":[{"id":2634,"href":"https:\/\/fgl.com.mx\/index.php\/wp-json\/wp\/v2\/product\/1138\/revisions\/2634"}],"wp:featuredmedia":[{"embeddable":true,"href":"https:\/\/fgl.com.mx\/index.php\/wp-json\/wp\/v2\/media\/1141"}],"wp:attachment":[{"href":"https:\/\/fgl.com.mx\/index.php\/wp-json\/wp\/v2\/media?parent=1138"}],"wp:term":[{"taxonomy":"product_cat","embeddable":true,"href":"https:\/\/fgl.com.mx\/index.php\/wp-json\/wp\/v2\/product_cat?post=1138"},{"taxonomy":"product_tag","embeddable":true,"href":"https:\/\/fgl.com.mx\/index.php\/wp-json\/wp\/v2\/product_tag?post=1138"}],"curies":[{"name":"wp","href":"https:\/\/api.w.org\/{rel}","templated":true}]}}