{"id":1194,"date":"2021-09-29T15:36:02","date_gmt":"2021-09-29T20:36:02","guid":{"rendered":"https:\/\/fgl.com.mx\/?post_type=product&#038;p=1194"},"modified":"2022-03-23T16:19:36","modified_gmt":"2022-03-23T22:19:36","slug":"valvula-de-fonacion","status":"publish","type":"product","link":"https:\/\/fgl.com.mx\/index.php\/product\/valvula-de-fonacion\/","title":{"rendered":"V\u00e1lvula de fonaci\u00f3n"},"content":{"rendered":"<p>Orator le permite comunicarse al paciente con una traqueostom\u00eda, asegurando que el aire expelido sea redirigido a la laringe.<\/p>\n<p>Con tapa cosm\u00e9tica y tapa para el suministro de ox\u00edgeno.<\/p>\n<p>Orator brinda:<\/p>\n<ul>\n<li>Una v\u00e1lvula de una v\u00eda simple pero efectiva.<\/li>\n<li>Operaci\u00f3n silenciosa.<\/li>\n<li>Se puede acoplar a una fuente de ox\u00edgeno suplementaria.<\/li>\n<li>Compatibilidad con conectadores est\u00e1ndar ISO de 15mm.<\/li>\n<li>Tapa abatible para limpieza f\u00e1cil.<\/li>\n<li>Tapa cosm\u00e9tica y tapa para suministro de ox\u00edgeno.<\/li>\n<\/ul>\n<p>Que le ofrece a sus pacientes:<\/p>\n<ul>\n<li>Habla c\u00f3moda y efectiva.<\/li>\n<li>Comunicaci\u00f3n m\u00e1s f\u00e1cil entre usuarios y\u00a0 quienes escuchan.<\/li>\n<li>Dise\u00f1o discreto y cosm\u00e9ticamente aceptable.<\/li>\n<li>Simplicidad en el uso.<\/li>\n<\/ul>\n","protected":false},"excerpt":{"rendered":"<p>V\u00e1lvula de Fonaci\u00f3n &#8220;Orator&#8221;<\/p>\n","protected":false},"featured_media":1195,"template":"","meta":[],"product_cat":[59],"product_tag":[],"blog_post_layout_featured_media_urls":{"thumbnail":["https:\/\/fgl.com.mx\/wp-content\/uploads\/2021\/09\/P-100-550-000-150x150.jpg",150,150,true],"full":["https:\/\/fgl.com.mx\/wp-content\/uploads\/2021\/09\/P-100-550-000.jpg",800,800,false]},"categories":["2"],"categories_names":{"2":{"name":"simple","link":"https:\/\/fgl.com.mx\/?taxonomy=product_type&term=simple"}},"comments_number":"0","_links":{"self":[{"href":"https:\/\/fgl.com.mx\/index.php\/wp-json\/wp\/v2\/product\/1194"}],"collection":[{"href":"https:\/\/fgl.com.mx\/index.php\/wp-json\/wp\/v2\/product"}],"about":[{"href":"https:\/\/fgl.com.mx\/index.php\/wp-json\/wp\/v2\/types\/product"}],"version-history":[{"count":3,"href":"https:\/\/fgl.com.mx\/index.php\/wp-json\/wp\/v2\/product\/1194\/revisions"}],"predecessor-version":[{"id":2611,"href":"https:\/\/fgl.com.mx\/index.php\/wp-json\/wp\/v2\/product\/1194\/revisions\/2611"}],"wp:featuredmedia":[{"embeddable":true,"href":"https:\/\/fgl.com.mx\/index.php\/wp-json\/wp\/v2\/media\/1195"}],"wp:attachment":[{"href":"https:\/\/fgl.com.mx\/index.php\/wp-json\/wp\/v2\/media?parent=1194"}],"wp:term":[{"taxonomy":"product_cat","embeddable":true,"href":"https:\/\/fgl.com.mx\/index.php\/wp-json\/wp\/v2\/product_cat?post=1194"},{"taxonomy":"product_tag","embeddable":true,"href":"https:\/\/fgl.com.mx\/index.php\/wp-json\/wp\/v2\/product_tag?post=1194"}],"curies":[{"name":"wp","href":"https:\/\/api.w.org\/{rel}","templated":true}]}}