{"id":1206,"date":"2021-09-29T16:45:36","date_gmt":"2021-09-29T21:45:36","guid":{"rendered":"https:\/\/fgl.com.mx\/?post_type=product&#038;p=1206"},"modified":"2022-03-23T16:00:33","modified_gmt":"2022-03-23T22:00:33","slug":"tubo-endotraqueal-con-globo","status":"publish","type":"product","link":"https:\/\/fgl.com.mx\/index.php\/product\/tubo-endotraqueal-con-globo\/","title":{"rendered":"Tubo endotraqueal con globo"},"content":{"rendered":"<p>El bal\u00f3n Profile Soft Seal\u00ae combina las ventajas del dise\u00f1o de bal\u00f3n Profile con un di\u00e1metro del bal\u00f3n en reposo m\u00e1s grande para aumentar la comodidad del paciente en comparaci\u00f3n con otros productos. El bal\u00f3n Soft Seal\u00ae est\u00e1 fabricado con material de PVC suave que reduce el riesgo de traumatismos. El material del bal\u00f3n resistente, aunque fino, contribuye a reducir el riesgo de dobleces y fugas.<\/p>\n<p>VENTAJAS DEL PRODUCTO:<\/p>\n<div class=\"feature-detail\">\n<ul class=\"ord-list\">\n<li>El globo piloto grande indica con claridad cuando est\u00e1 inflado el bal\u00f3n.<\/li>\n<li>La v\u00e1lvula de una v\u00eda con resorte ayuda a garantizar el inflado y la integridad del bal\u00f3n.<\/li>\n<li>Contribuye a reducir el riesgo de traumatismos durante la intubaci\u00f3n y la extubaci\u00f3n.<\/li>\n<li>Contacto m\u00ednimo con la mucosa traqueal sensible.<\/li>\n<li>Reducci\u00f3n de la permeabilidad del \u00f3xido nitroso para lograr una presi\u00f3n del bal\u00f3n m\u00e1s estable.<\/li>\n<\/ul>\n<\/div>\n","protected":false},"excerpt":{"rendered":"<p>Tubos endotraqueales con bal\u00f3n de PVC transparente Soft Seal\u00ae.<\/p>\n","protected":false},"featured_media":1221,"template":"","meta":[],"product_cat":[28],"product_tag":[],"blog_post_layout_featured_media_urls":{"thumbnail":["https:\/\/fgl.com.mx\/wp-content\/uploads\/2021\/09\/P-100-199-050-150x150.jpg",150,150,true],"full":["https:\/\/fgl.com.mx\/wp-content\/uploads\/2021\/09\/P-100-199-050.jpg",800,663,false]},"categories":["4"],"categories_names":{"4":{"name":"variable","link":"https:\/\/fgl.com.mx\/?taxonomy=product_type&term=variable"}},"comments_number":"0","_links":{"self":[{"href":"https:\/\/fgl.com.mx\/index.php\/wp-json\/wp\/v2\/product\/1206"}],"collection":[{"href":"https:\/\/fgl.com.mx\/index.php\/wp-json\/wp\/v2\/product"}],"about":[{"href":"https:\/\/fgl.com.mx\/index.php\/wp-json\/wp\/v2\/types\/product"}],"version-history":[{"count":4,"href":"https:\/\/fgl.com.mx\/index.php\/wp-json\/wp\/v2\/product\/1206\/revisions"}],"predecessor-version":[{"id":2609,"href":"https:\/\/fgl.com.mx\/index.php\/wp-json\/wp\/v2\/product\/1206\/revisions\/2609"}],"wp:featuredmedia":[{"embeddable":true,"href":"https:\/\/fgl.com.mx\/index.php\/wp-json\/wp\/v2\/media\/1221"}],"wp:attachment":[{"href":"https:\/\/fgl.com.mx\/index.php\/wp-json\/wp\/v2\/media?parent=1206"}],"wp:term":[{"taxonomy":"product_cat","embeddable":true,"href":"https:\/\/fgl.com.mx\/index.php\/wp-json\/wp\/v2\/product_cat?post=1206"},{"taxonomy":"product_tag","embeddable":true,"href":"https:\/\/fgl.com.mx\/index.php\/wp-json\/wp\/v2\/product_tag?post=1206"}],"curies":[{"name":"wp","href":"https:\/\/api.w.org\/{rel}","templated":true}]}}