{"id":1217,"date":"2021-09-29T17:09:33","date_gmt":"2021-09-29T22:09:33","guid":{"rendered":"https:\/\/fgl.com.mx\/?post_type=product&#038;p=1217"},"modified":"2022-03-23T15:37:36","modified_gmt":"2022-03-23T21:37:36","slug":"ejercitador-pulmonar-2","status":"publish","type":"product","link":"https:\/\/fgl.com.mx\/index.php\/product\/ejercitador-pulmonar-2\/","title":{"rendered":"Ejercitador pulmonar acapella\u00ae DM y DH"},"content":{"rendered":"<p>El tratamiento de presi\u00f3n espiratoria positiva (PEP) se emplea para movilizar secreciones. Se ha determinado que los dispositivos para PEP aumentan la independencia de los pacientes con enfermedades respiratorias cr\u00f3nicas debido a que el tratamiento se puede administrar sin ayuda y cuando a estos les resulta m\u00e1s c\u00f3modo.<\/p>\n<p>acapella\u00ae combina las ventajas de la terapia de PEP y las vibraciones aplicadas a las v\u00edas respiratorias con el fin de desplazar las secreciones pulmonares. Se puede emplear en pr\u00e1cticamente cualquier posici\u00f3n, lo que permite que los pacientes se muevan con libertad y se sienten, permanezcan de pie o se tumben.<\/p>\n<p>Mejora el aclaramiento de las secreciones, se tolera mejor que la fisioterapia respiratoria (FTR), las sesiones duran casi la mitad de tiempo que las sesiones de FTR convencional y <strong>facilita la apertura de las v\u00edas respiratorias de los pacientes con enfermedades pulmonares con problemas de las secreciones como EPOC, asma y fibrosis qu\u00edstica.\u00a0<\/strong>Las unidades codificadas por colores (verde para el flujo alto y azul para el flujo bajo) permiten personalizar el tratamiento de cada paciente de acuerdo con sus necesidades cl\u00ednicas. Puede ajustar la frecuencia y la resistencia al flujo de acapella\u00ae con solo girar un selector de ajuste.<\/p>\n<p>Caracter\u00edsticas del sistema vibratorio de tratamiento de PEP acapella\u00ae DM y DH:<\/p>\n<ul>\n<li>Codificaci\u00f3n por colores<\/li>\n<li>DM azul &lt; 15 lpm durante 3 segundos.<\/li>\n<li>DH verde \u2265 15 lpm durante 3 segundos.<\/li>\n<li>V\u00e1lvula inspiratoria.<\/li>\n<li>DE de 22 mm en el extremo ambiente.<\/li>\n<li>DE de 22 mm en el extremo del paciente.<\/li>\n<li>Selector de resistencia espiratoria.<\/li>\n<li>Mecanismo de balanc\u00edn patentado.<\/li>\n<\/ul>\n<p>VENTAJAS DEL PRODUCTO:<\/p>\n<p>El uso del sistema vibratorio de tratamiento de PEP acapella\u00ae DM y DH presenta numerosas ventajas, entre las que se incluyen las siguientes:<\/p>\n<div class=\"feature-detail\">\n<ul>\n<li>Permite la inhalaci\u00f3n y la exhalaci\u00f3n sin retirarlo de la boca.<\/li>\n<li>Prolonga el flujo espiratorio para aumentar la eliminaci\u00f3n de secreciones.<\/li>\n<li>Permite su uso con la boquilla o la mascarilla conectadas.<\/li>\n<li>Permite su uso con un nebulizador en l\u00ednea cuando se fija con un adaptador de salida.<\/li>\n<li>Se adapta a la capacidad pulmonar de pr\u00e1cticamente cualquier paciente.<\/li>\n<li>Permite su uso en cualquier posici\u00f3n: el paciente se puede sentar, estar de pie o reclinarse.<\/li>\n<\/ul>\n<\/div>\n","protected":false},"excerpt":{"rendered":"<p>Sistema vibratorio de tratamiento de PEP acapella\u00ae DM y DH.<\/p>\n","protected":false},"featured_media":2601,"template":"","meta":[],"product_cat":[113],"product_tag":[],"blog_post_layout_featured_media_urls":{"thumbnail":["https:\/\/fgl.com.mx\/wp-content\/uploads\/2021\/09\/DHD-21-1015-150x150.jpg",150,150,true],"full":["https:\/\/fgl.com.mx\/wp-content\/uploads\/2021\/09\/DHD-21-1015.jpg",800,800,false]},"categories":["4"],"categories_names":{"4":{"name":"variable","link":"https:\/\/fgl.com.mx\/?taxonomy=product_type&term=variable"}},"comments_number":"0","_links":{"self":[{"href":"https:\/\/fgl.com.mx\/index.php\/wp-json\/wp\/v2\/product\/1217"}],"collection":[{"href":"https:\/\/fgl.com.mx\/index.php\/wp-json\/wp\/v2\/product"}],"about":[{"href":"https:\/\/fgl.com.mx\/index.php\/wp-json\/wp\/v2\/types\/product"}],"version-history":[{"count":6,"href":"https:\/\/fgl.com.mx\/index.php\/wp-json\/wp\/v2\/product\/1217\/revisions"}],"predecessor-version":[{"id":2604,"href":"https:\/\/fgl.com.mx\/index.php\/wp-json\/wp\/v2\/product\/1217\/revisions\/2604"}],"wp:featuredmedia":[{"embeddable":true,"href":"https:\/\/fgl.com.mx\/index.php\/wp-json\/wp\/v2\/media\/2601"}],"wp:attachment":[{"href":"https:\/\/fgl.com.mx\/index.php\/wp-json\/wp\/v2\/media?parent=1217"}],"wp:term":[{"taxonomy":"product_cat","embeddable":true,"href":"https:\/\/fgl.com.mx\/index.php\/wp-json\/wp\/v2\/product_cat?post=1217"},{"taxonomy":"product_tag","embeddable":true,"href":"https:\/\/fgl.com.mx\/index.php\/wp-json\/wp\/v2\/product_tag?post=1217"}],"curies":[{"name":"wp","href":"https:\/\/api.w.org\/{rel}","templated":true}]}}