{"id":1223,"date":"2021-09-30T15:29:52","date_gmt":"2021-09-30T20:29:52","guid":{"rendered":"https:\/\/fgl.com.mx\/?post_type=product&#038;p=1223"},"modified":"2022-03-23T12:11:34","modified_gmt":"2022-03-23T18:11:34","slug":"tubo-endotraqueal-con-aspiracion-subglotica","status":"publish","type":"product","link":"https:\/\/fgl.com.mx\/index.php\/product\/tubo-endotraqueal-con-aspiracion-subglotica\/","title":{"rendered":"Tubo endotraqueal con aspiraci\u00f3n subgl\u00f3tica SACETT\u2122"},"content":{"rendered":"<p>El tubo endotraqueal de aspiraci\u00f3n por encima del bal\u00f3n Portex\u00ae (SACETT\u00ae) se ha dise\u00f1ado para reducir la NAV. El SACETT\u00ae combina las caracter\u00edsticas de calidad de la gama Blue Line\u00ae con la capacidad de eliminar las secreciones por encima del bal\u00f3n sin tener que extraer el tubo.<\/p>\n<p>La incorporaci\u00f3n de un lumen posterior adicional con abertura por encima de bal\u00f3n para la evacuaci\u00f3n subgl\u00f3tica hace posible la aspiraci\u00f3n continua de las secreciones subgl\u00f3ticas (ACSS).<\/p>\n<p>Los balones de baja presi\u00f3n y volumen elevado Soft Seal<sup>\u00ae<\/sup>\u00a0se han dise\u00f1ado para minimizar los traumatismos en la tr\u00e1quea y proteger las v\u00edas respiratorias de los pacientes cuando se inflan, debido a que mantienen el aire suministrado de un ventilador a los pulmones de los pacientes y se previene as\u00ed la aspiraci\u00f3n. \u00a0La forma de los bal\u00f3ns Soft Seal<sup>\u00ae<\/sup>\u00a0favorece que las secreciones se acumulen alrededor de la abertura de evacuaci\u00f3n.<\/p>\n<p>Hay disponibles diversos tama\u00f1os.<\/p>\n<p>La funci\u00f3n exclusiva de SACETT\u00ae es el bal\u00f3n inverso de volumen alto y baja presi\u00f3n Soft Seal\u00ae, que contribuye a que las secreciones se acumulen para aspirarlas.<\/p>\n<p>El lumen de aspiraci\u00f3n integral de Blue Line Ultra SACETT\u00ae permite eliminar las secreciones acumuladas que pueden causar malestar a los pacientes y neumon\u00eda asociada a ventilaci\u00f3n mec\u00e1nica (NAV).<\/p>\n<p>La v\u00e1lvula de una v\u00eda con resorte ayuda a garantizar el inflado y la integridad del bal\u00f3n. El globo piloto ergon\u00f3mico grande facilita la distinci\u00f3n entre el sonido de la aspiraci\u00f3n y el de una fuga en el bal\u00f3n y permite identificar el tama\u00f1o del tubo en su posici\u00f3n.<\/p>\n<p>La l\u00ednea de aspiraci\u00f3n y el conector de color amarillo facilitan la identificaci\u00f3n y la prevenci\u00f3n de cortes accidentales.\u00a0 La tapa de la l\u00ednea de aspiraci\u00f3n tiene la funci\u00f3n de evitar que los contaminantes penetren en el lumen cuando se detiene la aspiraci\u00f3n, como cuando se transporta a un paciente.<\/p>\n<p>El material de PVC transparente con marcador radiopaco permite la visualizaci\u00f3n clara de la colocaci\u00f3n del tubo correcto, as\u00ed como del roc\u00edo de la respiraci\u00f3n.<\/p>\n<p>La soldadura suave del bal\u00f3n y el tubo, la punta c\u00f3nica pulida y el ojo de tipo Murphy reduce los traumatismos en las v\u00edas respiratorias de los pacientes durante la intubaci\u00f3n y la extubaci\u00f3n.<\/p>\n<p>El tubo cuenta con un conector de 15 mm que permite conectarlo a circuitos respiratorios para m\u00e1quinas de anestesia y ventiladores.<\/p>\n","protected":false},"excerpt":{"rendered":"<p>Tubo endotraqueal de aspiraci\u00f3n por encima del bal\u00f3n SACETT\u2122<\/p>\n","protected":false},"featured_media":1271,"template":"","meta":[],"product_cat":[28],"product_tag":[],"blog_post_layout_featured_media_urls":{"thumbnail":["https:\/\/fgl.com.mx\/wp-content\/uploads\/2021\/09\/P-100-189-060-150x150.jpg",150,150,true],"full":["https:\/\/fgl.com.mx\/wp-content\/uploads\/2021\/09\/P-100-189-060.jpg",800,407,false]},"categories":["4"],"categories_names":{"4":{"name":"variable","link":"https:\/\/fgl.com.mx\/?taxonomy=product_type&term=variable"}},"comments_number":"0","_links":{"self":[{"href":"https:\/\/fgl.com.mx\/index.php\/wp-json\/wp\/v2\/product\/1223"}],"collection":[{"href":"https:\/\/fgl.com.mx\/index.php\/wp-json\/wp\/v2\/product"}],"about":[{"href":"https:\/\/fgl.com.mx\/index.php\/wp-json\/wp\/v2\/types\/product"}],"version-history":[{"count":5,"href":"https:\/\/fgl.com.mx\/index.php\/wp-json\/wp\/v2\/product\/1223\/revisions"}],"predecessor-version":[{"id":2595,"href":"https:\/\/fgl.com.mx\/index.php\/wp-json\/wp\/v2\/product\/1223\/revisions\/2595"}],"wp:featuredmedia":[{"embeddable":true,"href":"https:\/\/fgl.com.mx\/index.php\/wp-json\/wp\/v2\/media\/1271"}],"wp:attachment":[{"href":"https:\/\/fgl.com.mx\/index.php\/wp-json\/wp\/v2\/media?parent=1223"}],"wp:term":[{"taxonomy":"product_cat","embeddable":true,"href":"https:\/\/fgl.com.mx\/index.php\/wp-json\/wp\/v2\/product_cat?post=1223"},{"taxonomy":"product_tag","embeddable":true,"href":"https:\/\/fgl.com.mx\/index.php\/wp-json\/wp\/v2\/product_tag?post=1223"}],"curies":[{"name":"wp","href":"https:\/\/api.w.org\/{rel}","templated":true}]}}