{"id":1272,"date":"2021-09-30T15:49:32","date_gmt":"2021-09-30T20:49:32","guid":{"rendered":"https:\/\/fgl.com.mx\/?post_type=product&#038;p=1272"},"modified":"2022-04-05T12:26:40","modified_gmt":"2022-04-05T17:26:40","slug":"tubo-endotraqueal-preformado-con-globo","status":"publish","type":"product","link":"https:\/\/fgl.com.mx\/index.php\/product\/tubo-endotraqueal-preformado-con-globo\/","title":{"rendered":"Tubo endotraqueal preformado con globo South Polar"},"content":{"rendered":"<p>Adecuado para cirug\u00eda oral, nasal, oftalmol\u00f3gica y facial. Permite el acceso quir\u00fargico en numerosas situaciones. Se usa especialmente en cirug\u00eda de cabeza y cuello. El dise\u00f1o del punto de salida de la l\u00ednea de hinchado se encuentra fuera de la boca para evitar que los dientes lo da\u00f1en.<\/p>\n<p>VENTAJAS DEL PRODUCTO:<\/p>\n<ul>\n<li>Las graduaciones de 1 mm en ambos lados facilitan la colocaci\u00f3n del tubo.<\/li>\n<li>El tubo transparente permite visualizar con claridad la condensaci\u00f3n de humedad de la respiraci\u00f3n.<\/li>\n<li>El bal\u00f3n Profile Soft Seal\u00ae est\u00e1 fabricado con material de PVC suave, que reduce el riesgo de traumatismos.<\/li>\n<\/ul>\n<div class=\"feature-detail\"><\/div>\n","protected":false},"excerpt":{"rendered":"<p>Tubo endotraqueal oral con ojo de tipo Murphy y con bal\u00f3n de PVC transparente Soft Seal\u00ae preformado South Polar.<\/p>\n","protected":false},"featured_media":2763,"template":"","meta":[],"product_cat":[28],"product_tag":[],"blog_post_layout_featured_media_urls":{"thumbnail":["https:\/\/fgl.com.mx\/wp-content\/uploads\/2021\/09\/P-100136075-150x150.jpg",150,150,true],"full":["https:\/\/fgl.com.mx\/wp-content\/uploads\/2021\/09\/P-100136075.jpg",800,800,false]},"categories":["4"],"categories_names":{"4":{"name":"variable","link":"https:\/\/fgl.com.mx\/?taxonomy=product_type&term=variable"}},"comments_number":"0","_links":{"self":[{"href":"https:\/\/fgl.com.mx\/index.php\/wp-json\/wp\/v2\/product\/1272"}],"collection":[{"href":"https:\/\/fgl.com.mx\/index.php\/wp-json\/wp\/v2\/product"}],"about":[{"href":"https:\/\/fgl.com.mx\/index.php\/wp-json\/wp\/v2\/types\/product"}],"version-history":[{"count":4,"href":"https:\/\/fgl.com.mx\/index.php\/wp-json\/wp\/v2\/product\/1272\/revisions"}],"predecessor-version":[{"id":2606,"href":"https:\/\/fgl.com.mx\/index.php\/wp-json\/wp\/v2\/product\/1272\/revisions\/2606"}],"wp:featuredmedia":[{"embeddable":true,"href":"https:\/\/fgl.com.mx\/index.php\/wp-json\/wp\/v2\/media\/2763"}],"wp:attachment":[{"href":"https:\/\/fgl.com.mx\/index.php\/wp-json\/wp\/v2\/media?parent=1272"}],"wp:term":[{"taxonomy":"product_cat","embeddable":true,"href":"https:\/\/fgl.com.mx\/index.php\/wp-json\/wp\/v2\/product_cat?post=1272"},{"taxonomy":"product_tag","embeddable":true,"href":"https:\/\/fgl.com.mx\/index.php\/wp-json\/wp\/v2\/product_tag?post=1272"}],"curies":[{"name":"wp","href":"https:\/\/api.w.org\/{rel}","templated":true}]}}