{"id":1283,"date":"2021-09-30T16:08:03","date_gmt":"2021-09-30T21:08:03","guid":{"rendered":"https:\/\/fgl.com.mx\/?post_type=product&#038;p=1283"},"modified":"2022-04-05T12:15:14","modified_gmt":"2022-04-05T17:15:14","slug":"canula-de-guedel","status":"publish","type":"product","link":"https:\/\/fgl.com.mx\/index.php\/product\/canula-de-guedel\/","title":{"rendered":"C\u00e1nula de Guedel"},"content":{"rendered":"<p>C\u00e1nula de Guedel blanda.<\/p>\n<ul>\n<li>Libre de l\u00e1tex.<\/li>\n<li>Dise\u00f1o aerodin\u00e1mico ergon\u00f3mico.<\/li>\n<li>Cumple con la norma ISO 5364 sobre c\u00f3digos de colores para una f\u00e1cil identificaci\u00f3n del tama\u00f1o.<\/li>\n<li>Dise\u00f1o especializado para mayor comodidad y seguridad del paciente.<\/li>\n<li>Desechable de un solo uso.<\/li>\n<li>Disponible en 7 tama\u00f1os diferentes.<\/li>\n<\/ul>\n","protected":false},"excerpt":{"rendered":"<p>C\u00e1nula de Guedel blanda.<\/p>\n","protected":false},"featured_media":1301,"template":"","meta":[],"product_cat":[24],"product_tag":[],"blog_post_layout_featured_media_urls":{"thumbnail":["https:\/\/fgl.com.mx\/wp-content\/uploads\/2021\/09\/FO-11104-150x150.jpg",150,150,true],"full":["https:\/\/fgl.com.mx\/wp-content\/uploads\/2021\/09\/FO-11104.jpg",800,533,false]},"categories":["4"],"categories_names":{"4":{"name":"variable","link":"https:\/\/fgl.com.mx\/?taxonomy=product_type&term=variable"}},"comments_number":"0","_links":{"self":[{"href":"https:\/\/fgl.com.mx\/index.php\/wp-json\/wp\/v2\/product\/1283"}],"collection":[{"href":"https:\/\/fgl.com.mx\/index.php\/wp-json\/wp\/v2\/product"}],"about":[{"href":"https:\/\/fgl.com.mx\/index.php\/wp-json\/wp\/v2\/types\/product"}],"version-history":[{"count":3,"href":"https:\/\/fgl.com.mx\/index.php\/wp-json\/wp\/v2\/product\/1283\/revisions"}],"predecessor-version":[{"id":2581,"href":"https:\/\/fgl.com.mx\/index.php\/wp-json\/wp\/v2\/product\/1283\/revisions\/2581"}],"wp:featuredmedia":[{"embeddable":true,"href":"https:\/\/fgl.com.mx\/index.php\/wp-json\/wp\/v2\/media\/1301"}],"wp:attachment":[{"href":"https:\/\/fgl.com.mx\/index.php\/wp-json\/wp\/v2\/media?parent=1283"}],"wp:term":[{"taxonomy":"product_cat","embeddable":true,"href":"https:\/\/fgl.com.mx\/index.php\/wp-json\/wp\/v2\/product_cat?post=1283"},{"taxonomy":"product_tag","embeddable":true,"href":"https:\/\/fgl.com.mx\/index.php\/wp-json\/wp\/v2\/product_tag?post=1283"}],"curies":[{"name":"wp","href":"https:\/\/api.w.org\/{rel}","templated":true}]}}