{"id":1284,"date":"2021-09-30T16:03:24","date_gmt":"2021-09-30T21:03:24","guid":{"rendered":"https:\/\/fgl.com.mx\/?post_type=product&#038;p=1284"},"modified":"2022-04-05T12:23:55","modified_gmt":"2022-04-05T17:23:55","slug":"tubo-endotraqueal-preformado-sin-globo","status":"publish","type":"product","link":"https:\/\/fgl.com.mx\/index.php\/product\/tubo-endotraqueal-preformado-sin-globo\/","title":{"rendered":"Tubo endotraqueal preformado sin globo South Polar"},"content":{"rendered":"<p>Adecuado para cirug\u00eda oral, nasal, oftalmol\u00f3gica y facial. Mejora el acceso quir\u00fargico en numerosas situaciones. Se usa especialmente en cirug\u00eda de cabeza y cuello.<\/p>\n<div class=\"feature-detail\">\n<p>VENTAJAS DEL PRODUCTO:<\/p>\n<\/div>\n<div class=\"feature-detail\">\n<ul class=\"ord-list\">\n<li>Los tubos transparentes permiten visualizar con claridad la condensaci\u00f3n de humedad de la respiraci\u00f3n.<\/li>\n<li>El ojo de Murphy se ha creado uniformemente para reducir el riesgo de da\u00f1os en las cuerdas vocales durante la inserci\u00f3n.<\/li>\n<li>Las graduaciones de 1 cm en ambos lados facilitan la colocaci\u00f3n del tubo.<\/li>\n<\/ul>\n<\/div>\n","protected":false},"excerpt":{"rendered":"<p>Tubo endotraqueal con ojo de tipo Murphy preformado South Polar de PVC transparente sin bal\u00f3n.<\/p>\n","protected":false},"featured_media":1273,"template":"","meta":[],"product_cat":[28],"product_tag":[],"blog_post_layout_featured_media_urls":{"thumbnail":["https:\/\/fgl.com.mx\/wp-content\/uploads\/2021\/09\/P-100-134-060-150x150.jpg",150,150,true],"full":["https:\/\/fgl.com.mx\/wp-content\/uploads\/2021\/09\/P-100-134-060.jpg",800,600,false]},"categories":["4"],"categories_names":{"4":{"name":"variable","link":"https:\/\/fgl.com.mx\/?taxonomy=product_type&term=variable"}},"comments_number":"0","_links":{"self":[{"href":"https:\/\/fgl.com.mx\/index.php\/wp-json\/wp\/v2\/product\/1284"}],"collection":[{"href":"https:\/\/fgl.com.mx\/index.php\/wp-json\/wp\/v2\/product"}],"about":[{"href":"https:\/\/fgl.com.mx\/index.php\/wp-json\/wp\/v2\/types\/product"}],"version-history":[{"count":5,"href":"https:\/\/fgl.com.mx\/index.php\/wp-json\/wp\/v2\/product\/1284\/revisions"}],"predecessor-version":[{"id":2761,"href":"https:\/\/fgl.com.mx\/index.php\/wp-json\/wp\/v2\/product\/1284\/revisions\/2761"}],"wp:featuredmedia":[{"embeddable":true,"href":"https:\/\/fgl.com.mx\/index.php\/wp-json\/wp\/v2\/media\/1273"}],"wp:attachment":[{"href":"https:\/\/fgl.com.mx\/index.php\/wp-json\/wp\/v2\/media?parent=1284"}],"wp:term":[{"taxonomy":"product_cat","embeddable":true,"href":"https:\/\/fgl.com.mx\/index.php\/wp-json\/wp\/v2\/product_cat?post=1284"},{"taxonomy":"product_tag","embeddable":true,"href":"https:\/\/fgl.com.mx\/index.php\/wp-json\/wp\/v2\/product_tag?post=1284"}],"curies":[{"name":"wp","href":"https:\/\/api.w.org\/{rel}","templated":true}]}}