{"id":1345,"date":"2021-10-01T10:24:42","date_gmt":"2021-10-01T15:24:42","guid":{"rendered":"https:\/\/fgl.com.mx\/?post_type=product&#038;p=1345"},"modified":"2022-07-11T11:58:41","modified_gmt":"2022-07-11T16:58:41","slug":"cal-sodada-grado-marino-cubeta","status":"publish","type":"product","link":"https:\/\/fgl.com.mx\/index.php\/product\/cal-sodada-grado-marino-cubeta\/","title":{"rendered":"Cal sodada SOFNOLIME grado CD cubeta"},"content":{"rendered":"<div class=\"product-info__content text-content\">\n<p>Sofnolime de grado de buceo absorbe di\u00f3xido de carbono asegurando que se mantenga una atm\u00f3sfera respirable.\u00a0Est\u00e1 optimizado para la eliminaci\u00f3n de di\u00f3xido de carbono del aire recirculado\/nitrox\/heliox en rebreathers y sistemas de buceo de saturaci\u00f3n, rebreathers de buceo comerciales y recreativos, c\u00e1maras de buceo\/depuradores de campana\/sistemas de recuperaci\u00f3n de gas y unidades de acondicionamiento de gas de buceo.<\/p>\n<p>Cal sodada grado CD es un extruido de 2,0 mm a 5,0 mm con una secci\u00f3n transversal en forma de D.<\/p>\n<p class=\"at-below-post addthis_tool\" data-url=\"https:\/\/www.molecularproducts.com\/products\/sofnolime-797-and-cd-grade-for-commercial-and-leisure-diving\">\u00c1reas de aplicaci\u00f3n: Buceo<\/p>\n<\/div>\n<p class=\"product-details__title\">Tipo de gas: <span class=\"product-details__content\">Di\u00f3xido de carbono, cal sodada.<\/span><\/p>\n","protected":false},"excerpt":{"rendered":"<p>Cal sodada Sofnolime Grado CD en presentaci\u00f3n cubeta 18.8 kg. (Cal marina).<\/p>\n","protected":false},"featured_media":2830,"template":"","meta":[],"product_cat":[21],"product_tag":[],"blog_post_layout_featured_media_urls":{"thumbnail":["https:\/\/fgl.com.mx\/wp-content\/uploads\/2021\/10\/MOL-W2050P52H12-150x150.jpg",150,150,true],"full":["https:\/\/fgl.com.mx\/wp-content\/uploads\/2021\/10\/MOL-W2050P52H12.jpg",800,800,false]},"categories":["2"],"categories_names":{"2":{"name":"simple","link":"https:\/\/fgl.com.mx\/?taxonomy=product_type&term=simple"}},"comments_number":"0","_links":{"self":[{"href":"https:\/\/fgl.com.mx\/index.php\/wp-json\/wp\/v2\/product\/1345"}],"collection":[{"href":"https:\/\/fgl.com.mx\/index.php\/wp-json\/wp\/v2\/product"}],"about":[{"href":"https:\/\/fgl.com.mx\/index.php\/wp-json\/wp\/v2\/types\/product"}],"version-history":[{"count":11,"href":"https:\/\/fgl.com.mx\/index.php\/wp-json\/wp\/v2\/product\/1345\/revisions"}],"predecessor-version":[{"id":2937,"href":"https:\/\/fgl.com.mx\/index.php\/wp-json\/wp\/v2\/product\/1345\/revisions\/2937"}],"wp:featuredmedia":[{"embeddable":true,"href":"https:\/\/fgl.com.mx\/index.php\/wp-json\/wp\/v2\/media\/2830"}],"wp:attachment":[{"href":"https:\/\/fgl.com.mx\/index.php\/wp-json\/wp\/v2\/media?parent=1345"}],"wp:term":[{"taxonomy":"product_cat","embeddable":true,"href":"https:\/\/fgl.com.mx\/index.php\/wp-json\/wp\/v2\/product_cat?post=1345"},{"taxonomy":"product_tag","embeddable":true,"href":"https:\/\/fgl.com.mx\/index.php\/wp-json\/wp\/v2\/product_tag?post=1345"}],"curies":[{"name":"wp","href":"https:\/\/api.w.org\/{rel}","templated":true}]}}