{"id":1351,"date":"2021-10-01T10:55:18","date_gmt":"2021-10-01T15:55:18","guid":{"rendered":"https:\/\/fgl.com.mx\/?post_type=product&#038;p=1351"},"modified":"2022-04-13T13:15:20","modified_gmt":"2022-04-13T18:15:20","slug":"cal-sodada-garrafa","status":"publish","type":"product","link":"https:\/\/fgl.com.mx\/index.php\/product\/cal-sodada-garrafa\/","title":{"rendered":"Cal sodada SOFNOLIME 2550 grado medico garrafa"},"content":{"rendered":"<p>Sofnolime 2550 con indicador de uso blanco a violeta, es una cal sodada de grado m\u00e9dico utilizada para eliminar el di\u00f3xido de carbono en circuitos cerrados de anestesia. El indicador de color blanco a violeta cambia los gr\u00e1nulos de blanco a violeta cuando se absorbe el di\u00f3xido de carbono.<\/p>\n<p class=\"product-details\">\u00c1reas de aplicaci\u00f3n:<\/p>\n<p class=\"product-details\"><span class=\"product-details__content\">Cuidado de la salud.<\/span><\/p>\n<p class=\"product-details__title\">Tipo de gases:<\/p>\n<p><span class=\"product-details__content\">Di\u00f3xido de carbono, cal sodada.<\/span><\/p>\n","protected":false},"excerpt":{"rendered":"<p>Cal sodada Sofnolime grado medico en presentaci\u00f3n garrafa de 4.5 Kg.<\/p>\n","protected":false},"featured_media":2833,"template":"","meta":[],"product_cat":[21],"product_tag":[],"blog_post_layout_featured_media_urls":{"thumbnail":["https:\/\/fgl.com.mx\/wp-content\/uploads\/2021\/10\/MOL-W2550P78T72-150x150.jpg",150,150,true],"full":["https:\/\/fgl.com.mx\/wp-content\/uploads\/2021\/10\/MOL-W2550P78T72.jpg",800,800,false]},"categories":["2"],"categories_names":{"2":{"name":"simple","link":"https:\/\/fgl.com.mx\/?taxonomy=product_type&term=simple"}},"comments_number":"0","_links":{"self":[{"href":"https:\/\/fgl.com.mx\/index.php\/wp-json\/wp\/v2\/product\/1351"}],"collection":[{"href":"https:\/\/fgl.com.mx\/index.php\/wp-json\/wp\/v2\/product"}],"about":[{"href":"https:\/\/fgl.com.mx\/index.php\/wp-json\/wp\/v2\/types\/product"}],"version-history":[{"count":7,"href":"https:\/\/fgl.com.mx\/index.php\/wp-json\/wp\/v2\/product\/1351\/revisions"}],"predecessor-version":[{"id":2832,"href":"https:\/\/fgl.com.mx\/index.php\/wp-json\/wp\/v2\/product\/1351\/revisions\/2832"}],"wp:featuredmedia":[{"embeddable":true,"href":"https:\/\/fgl.com.mx\/index.php\/wp-json\/wp\/v2\/media\/2833"}],"wp:attachment":[{"href":"https:\/\/fgl.com.mx\/index.php\/wp-json\/wp\/v2\/media?parent=1351"}],"wp:term":[{"taxonomy":"product_cat","embeddable":true,"href":"https:\/\/fgl.com.mx\/index.php\/wp-json\/wp\/v2\/product_cat?post=1351"},{"taxonomy":"product_tag","embeddable":true,"href":"https:\/\/fgl.com.mx\/index.php\/wp-json\/wp\/v2\/product_tag?post=1351"}],"curies":[{"name":"wp","href":"https:\/\/api.w.org\/{rel}","templated":true}]}}