{"id":1354,"date":"2021-10-01T11:08:19","date_gmt":"2021-10-01T16:08:19","guid":{"rendered":"https:\/\/fgl.com.mx\/?post_type=product&#038;p=1354"},"modified":"2022-11-03T13:35:57","modified_gmt":"2022-11-03T19:35:57","slug":"sujetador-para-tubo-endotraqueal","status":"publish","type":"product","link":"https:\/\/fgl.com.mx\/index.php\/product\/sujetador-para-tubo-endotraqueal\/","title":{"rendered":"Sujetador Thomas\u2122 para tubo endotraqueal"},"content":{"rendered":"<p>El Sujetador Thomas es un soporte para dispositivos de intubaci\u00f3n probado y reputado, y lleva dos d\u00e9cadas liderando la industria. Dise\u00f1ados para asegurar una gama de dispositivos avanzados para v\u00edas a\u00e9reas, los Thomas\u00ae Tube Holders son f\u00e1ciles de colocar y proporcionan una sujeci\u00f3n m\u00e1s fiable que los m\u00e9todos de fijaci\u00f3n con cinta adhesiva.<\/p>\n<p>Caracter\u00edsticas:<\/p>\n<ul>\n<li>Cumple con REACH<\/li>\n<li>Versi\u00f3n para adultos: se adapta a dispositivos de v\u00edas respiratorias de 6,5 mm (di\u00e1metro interior) &#8211; 21 mm (di\u00e1metro exterior)<\/li>\n<li>Versi\u00f3n pedi\u00e1trica: se adapta a dispositivos de v\u00eda a\u00e9rea de 4,3 mm (di\u00e1metro interior) &#8211; 15,8 mm (di\u00e1metro exterior)<\/li>\n<li>Material: PP (boquilla), EPE (espuma), Nylon (correa)<\/li>\n<li>Libre de l\u00e1tex<\/li>\n<li>No est\u00e9ril<\/li>\n<li>Desechable para un solo uso de no m\u00e1s de 24 horas<\/li>\n<li>Temperatura de funcionamiento: -18\u02daC a 43\u02daC<\/li>\n<li>Temperatura de almacenamiento: -34\u02daC a 52\u02daC<\/li>\n<\/ul>\n","protected":false},"excerpt":{"rendered":"<p>Sujetador Thomas para tubo endotraqueal.<\/p>\n","protected":false},"featured_media":1355,"template":"","meta":[],"product_cat":[17],"product_tag":[],"blog_post_layout_featured_media_urls":{"thumbnail":["https:\/\/fgl.com.mx\/wp-content\/uploads\/2021\/10\/LA-600-02001-150x150.jpg",150,150,true],"full":["https:\/\/fgl.com.mx\/wp-content\/uploads\/2021\/10\/LA-600-02001.jpg",800,815,false]},"categories":["4"],"categories_names":{"4":{"name":"variable","link":"https:\/\/fgl.com.mx\/?taxonomy=product_type&term=variable"}},"comments_number":"0","_links":{"self":[{"href":"https:\/\/fgl.com.mx\/index.php\/wp-json\/wp\/v2\/product\/1354"}],"collection":[{"href":"https:\/\/fgl.com.mx\/index.php\/wp-json\/wp\/v2\/product"}],"about":[{"href":"https:\/\/fgl.com.mx\/index.php\/wp-json\/wp\/v2\/types\/product"}],"version-history":[{"count":4,"href":"https:\/\/fgl.com.mx\/index.php\/wp-json\/wp\/v2\/product\/1354\/revisions"}],"predecessor-version":[{"id":2553,"href":"https:\/\/fgl.com.mx\/index.php\/wp-json\/wp\/v2\/product\/1354\/revisions\/2553"}],"wp:featuredmedia":[{"embeddable":true,"href":"https:\/\/fgl.com.mx\/index.php\/wp-json\/wp\/v2\/media\/1355"}],"wp:attachment":[{"href":"https:\/\/fgl.com.mx\/index.php\/wp-json\/wp\/v2\/media?parent=1354"}],"wp:term":[{"taxonomy":"product_cat","embeddable":true,"href":"https:\/\/fgl.com.mx\/index.php\/wp-json\/wp\/v2\/product_cat?post=1354"},{"taxonomy":"product_tag","embeddable":true,"href":"https:\/\/fgl.com.mx\/index.php\/wp-json\/wp\/v2\/product_tag?post=1354"}],"curies":[{"name":"wp","href":"https:\/\/api.w.org\/{rel}","templated":true}]}}