{"id":1434,"date":"2021-10-04T17:06:17","date_gmt":"2021-10-04T22:06:17","guid":{"rendered":"https:\/\/fgl.com.mx\/?post_type=product&#038;p=1434"},"modified":"2022-03-18T09:49:17","modified_gmt":"2022-03-18T15:49:17","slug":"bolsa-para-anestesia","status":"publish","type":"product","link":"https:\/\/fgl.com.mx\/index.php\/product\/bolsa-para-anestesia\/","title":{"rendered":"Bolsa para anestesia KingBreathing"},"content":{"rendered":"<p>Las King Breathing Bags incluyen una completa gama de bolsas sin l\u00e1tex en tama\u00f1os de 0.5 l; 1 l; 2 l y 3 l con conectores de conformidad con las normativas ISO.<\/p>\n<p>Principales ventajas:<\/p>\n<p>Comodidad<\/p>\n<ul>\n<li>Dise\u00f1o fino y duradero.<\/li>\n<li>Cuatro tama\u00f1os est\u00e1ndar que proporcionan una bolsa adecuada para cada paciente.<\/li>\n<\/ul>\n<p>Agarre<\/p>\n<ul>\n<li>Su dise\u00f1o con tres pliegues ofrece una mejor adaptaci\u00f3n.<\/li>\n<\/ul>\n<p>Fiabilidad<\/p>\n<ul>\n<li>La superficie fina y duradera aumenta al m\u00e1ximo la sensaci\u00f3n t\u00e1ctil del m\u00e9dico, as\u00ed como su capacidad para evaluar la actividad pulmonar del paciente.<\/li>\n<\/ul>\n","protected":false},"excerpt":{"rendered":"<p>Bolsas de respiraci\u00f3n para anestesia.<\/p>\n","protected":false},"featured_media":1450,"template":"","meta":[],"product_cat":[24],"product_tag":[],"blog_post_layout_featured_media_urls":{"thumbnail":["https:\/\/fgl.com.mx\/wp-content\/uploads\/2021\/10\/KS-209-150x150.jpg",150,150,true],"full":["https:\/\/fgl.com.mx\/wp-content\/uploads\/2021\/10\/KS-209.jpg",800,800,false]},"categories":["4"],"categories_names":{"4":{"name":"variable","link":"https:\/\/fgl.com.mx\/?taxonomy=product_type&term=variable"}},"comments_number":"0","_links":{"self":[{"href":"https:\/\/fgl.com.mx\/index.php\/wp-json\/wp\/v2\/product\/1434"}],"collection":[{"href":"https:\/\/fgl.com.mx\/index.php\/wp-json\/wp\/v2\/product"}],"about":[{"href":"https:\/\/fgl.com.mx\/index.php\/wp-json\/wp\/v2\/types\/product"}],"version-history":[{"count":3,"href":"https:\/\/fgl.com.mx\/index.php\/wp-json\/wp\/v2\/product\/1434\/revisions"}],"predecessor-version":[{"id":2526,"href":"https:\/\/fgl.com.mx\/index.php\/wp-json\/wp\/v2\/product\/1434\/revisions\/2526"}],"wp:featuredmedia":[{"embeddable":true,"href":"https:\/\/fgl.com.mx\/index.php\/wp-json\/wp\/v2\/media\/1450"}],"wp:attachment":[{"href":"https:\/\/fgl.com.mx\/index.php\/wp-json\/wp\/v2\/media?parent=1434"}],"wp:term":[{"taxonomy":"product_cat","embeddable":true,"href":"https:\/\/fgl.com.mx\/index.php\/wp-json\/wp\/v2\/product_cat?post=1434"},{"taxonomy":"product_tag","embeddable":true,"href":"https:\/\/fgl.com.mx\/index.php\/wp-json\/wp\/v2\/product_tag?post=1434"}],"curies":[{"name":"wp","href":"https:\/\/api.w.org\/{rel}","templated":true}]}}