{"id":2597,"date":"2022-03-23T15:30:27","date_gmt":"2022-03-23T21:30:27","guid":{"rendered":"https:\/\/fgl.com.mx\/?post_type=product&#038;p=2597"},"modified":"2025-12-02T12:13:31","modified_gmt":"2025-12-02T18:13:31","slug":"ejercitador-pulmonar-acapella-choice","status":"publish","type":"product","link":"https:\/\/fgl.com.mx\/index.php\/product\/ejercitador-pulmonar-acapella-choice\/","title":{"rendered":"Ejercitador pulmonar acapella\u00ae Choice"},"content":{"rendered":"<p>El tratamiento de presi\u00f3n espiratoria positiva (PEP) se emplea para movilizar secreciones. Se ha determinado que los dispositivos para PEP aumentan la independencia de los pacientes con enfermedades respiratorias cr\u00f3nicas debido a que el tratamiento se puede administrar sin ayuda y cuando a estos les resulta m\u00e1s c\u00f3modo.<\/p>\n<p>acapella\u00ae combina las ventajas de la terapia de PEP y las vibraciones aplicadas a las v\u00edas respiratorias con el fin de desplazar las secreciones pulmonares. Se puede emplear en pr\u00e1cticamente cualquier posici\u00f3n, lo que permite que los pacientes se muevan con libertad y se sienten, permanezcan de pie o se tumben.<\/p>\n<p>Mejora el aclaramiento de las secreciones, se tolera mejor que la fisioterapia respiratoria (FTR), las sesiones duran casi la mitad de tiempo que las sesiones de FTR convencional y <strong>facilita la apertura de las v\u00edas respiratorias de los pacientes con enfermedades pulmonares con problemas de las secreciones como EPOC, asma y fibrosis qu\u00edstica.<\/strong>\u00a0Puede ajustar la frecuencia y la resistencia al flujo de acapella\u00ae con solo girar un selector de ajuste.<\/p>\n<p>acapella\u00ae Choice se compone de cuatro piezas sencillas de limpiar que resisten la esterilizaci\u00f3n en autoclave, el hervido y la limpieza en lavavajillas. Sus pacientes aprovechan al m\u00e1ximo las ventajas de la terapia de PEP vibratoria en casa o en el hospital gracias a un dispositivo c\u00f3modo y f\u00e1cil de limpiar (de uso en un solo paciente).<\/p>\n<ul>\n<li>Dise\u00f1o: funciona independientemente de la orientaci\u00f3n.<\/li>\n<li>Dise\u00f1o: el paciente puede inhalar a trav\u00e9s del dispositivo.<\/li>\n<li>Acoplamiento de 22\u00a0mm: se puede usar con una boquilla.<\/li>\n<li>Material: se puede esterilizar en autoclave y hervir.<\/li>\n<li>Ajuste de la frecuencia mediante el selector numerado.<\/li>\n<\/ul>\n<p class=\"product-feature\">VENTAJAS DEL PRODUCTO<\/p>\n<div class=\"feature-detail\">\n<div>\n<p>El paciente se beneficia de este producto gracias a que:<\/p>\n<ul>\n<li>permite la inhalaci\u00f3n y la exhalaci\u00f3n sin retirarlo de la boca,<\/li>\n<li>se puede usar con la boquilla o la mascarilla conectadas,<\/li>\n<li>se puede usar con un nebulizador en l\u00ednea cuando se fija con un adaptador de salida,<\/li>\n<li>se adapta a la capacidad pulmonar de pr\u00e1cticamente cualquier paciente,<\/li>\n<li>se puede usar en cualquier posici\u00f3n: el paciente se puede sentar, estar de pie o reclinarse,<\/li>\n<li>se limpia f\u00e1cilmente.<\/li>\n<\/ul>\n<\/div>\n<\/div>\n","protected":false},"excerpt":{"rendered":"<p>Sistema vibratorio de tratamiento de PEP acapella\u00ae Choice.<\/p>\n","protected":false},"featured_media":2598,"template":"","meta":[],"product_cat":[113],"product_tag":[],"blog_post_layout_featured_media_urls":{"thumbnail":["https:\/\/fgl.com.mx\/wp-content\/uploads\/2022\/03\/DHD-27-7000-150x150.jpg",150,150,true],"full":["https:\/\/fgl.com.mx\/wp-content\/uploads\/2022\/03\/DHD-27-7000.jpg",800,800,false]},"categories":["2"],"categories_names":{"2":{"name":"simple","link":"https:\/\/fgl.com.mx\/?taxonomy=product_type&term=simple"}},"comments_number":"0","_links":{"self":[{"href":"https:\/\/fgl.com.mx\/index.php\/wp-json\/wp\/v2\/product\/2597"}],"collection":[{"href":"https:\/\/fgl.com.mx\/index.php\/wp-json\/wp\/v2\/product"}],"about":[{"href":"https:\/\/fgl.com.mx\/index.php\/wp-json\/wp\/v2\/types\/product"}],"version-history":[{"count":1,"href":"https:\/\/fgl.com.mx\/index.php\/wp-json\/wp\/v2\/product\/2597\/revisions"}],"predecessor-version":[{"id":2599,"href":"https:\/\/fgl.com.mx\/index.php\/wp-json\/wp\/v2\/product\/2597\/revisions\/2599"}],"wp:featuredmedia":[{"embeddable":true,"href":"https:\/\/fgl.com.mx\/index.php\/wp-json\/wp\/v2\/media\/2598"}],"wp:attachment":[{"href":"https:\/\/fgl.com.mx\/index.php\/wp-json\/wp\/v2\/media?parent=2597"}],"wp:term":[{"taxonomy":"product_cat","embeddable":true,"href":"https:\/\/fgl.com.mx\/index.php\/wp-json\/wp\/v2\/product_cat?post=2597"},{"taxonomy":"product_tag","embeddable":true,"href":"https:\/\/fgl.com.mx\/index.php\/wp-json\/wp\/v2\/product_tag?post=2597"}],"curies":[{"name":"wp","href":"https:\/\/api.w.org\/{rel}","templated":true}]}}