{"id":652,"date":"2021-09-21T13:10:34","date_gmt":"2021-09-21T18:10:34","guid":{"rendered":"https:\/\/fgl.com.mx\/?post_type=product&#038;p=652"},"modified":"2022-06-29T16:59:49","modified_gmt":"2022-06-29T21:59:49","slug":"canula-de-yankauer","status":"publish","type":"product","link":"https:\/\/fgl.com.mx\/index.php\/product\/canula-de-yankauer\/","title":{"rendered":"C\u00e1nula de Yankauer"},"content":{"rendered":"<p><span>Fabricado en material transparente para una buena visualizaci\u00f3n durante la succi\u00f3n. <\/span><span>El \u00e1ngulo de formaci\u00f3n del mango est\u00e1 dise\u00f1ado para hacerlo m\u00e1s c\u00f3modo en el uso cl\u00ednico. <\/span><span>La secci\u00f3n transversal es del tipo de costilla reforzada cruzada, que est\u00e1 dise\u00f1ada para que sea liviana y m\u00e1s comodo.\u00a0<\/span><\/p>\n","protected":false},"excerpt":{"rendered":"<p>C\u00e1nula de Yankauer con y sin orificio de control.<\/p>\n","protected":false},"featured_media":2764,"template":"","meta":[],"product_cat":[30],"product_tag":[],"blog_post_layout_featured_media_urls":{"thumbnail":["https:\/\/fgl.com.mx\/wp-content\/uploads\/2021\/09\/WL-431001-2-150x150.jpg",150,150,true],"full":["https:\/\/fgl.com.mx\/wp-content\/uploads\/2021\/09\/WL-431001-2.jpg",800,800,false]},"categories":["4"],"categories_names":{"4":{"name":"variable","link":"https:\/\/fgl.com.mx\/?taxonomy=product_type&term=variable"}},"comments_number":"0","_links":{"self":[{"href":"https:\/\/fgl.com.mx\/index.php\/wp-json\/wp\/v2\/product\/652"}],"collection":[{"href":"https:\/\/fgl.com.mx\/index.php\/wp-json\/wp\/v2\/product"}],"about":[{"href":"https:\/\/fgl.com.mx\/index.php\/wp-json\/wp\/v2\/types\/product"}],"version-history":[{"count":3,"href":"https:\/\/fgl.com.mx\/index.php\/wp-json\/wp\/v2\/product\/652\/revisions"}],"predecessor-version":[{"id":2898,"href":"https:\/\/fgl.com.mx\/index.php\/wp-json\/wp\/v2\/product\/652\/revisions\/2898"}],"wp:featuredmedia":[{"embeddable":true,"href":"https:\/\/fgl.com.mx\/index.php\/wp-json\/wp\/v2\/media\/2764"}],"wp:attachment":[{"href":"https:\/\/fgl.com.mx\/index.php\/wp-json\/wp\/v2\/media?parent=652"}],"wp:term":[{"taxonomy":"product_cat","embeddable":true,"href":"https:\/\/fgl.com.mx\/index.php\/wp-json\/wp\/v2\/product_cat?post=652"},{"taxonomy":"product_tag","embeddable":true,"href":"https:\/\/fgl.com.mx\/index.php\/wp-json\/wp\/v2\/product_tag?post=652"}],"curies":[{"name":"wp","href":"https:\/\/api.w.org\/{rel}","templated":true}]}}