{"id":654,"date":"2021-09-21T13:04:11","date_gmt":"2021-09-21T18:04:11","guid":{"rendered":"https:\/\/fgl.com.mx\/?post_type=product&#038;p=654"},"modified":"2024-04-16T12:48:59","modified_gmt":"2024-04-16T17:48:59","slug":"mascarilla-laringea","status":"publish","type":"product","link":"https:\/\/fgl.com.mx\/index.php\/product\/mascarilla-laringea\/","title":{"rendered":"Mascarilla lar\u00edngea AuraGain\u2122"},"content":{"rendered":"\t\t<div data-elementor-type=\"wp-post\" data-elementor-id=\"654\" class=\"elementor elementor-654\" data-elementor-settings=\"[]\">\n\t\t\t\t\t\t\t<div class=\"elementor-section-wrap\">\n\t\t\t\t\t\t\t<section class=\"elementor-section elementor-top-section elementor-element elementor-element-3f7a993e elementor-section-boxed elementor-section-height-default elementor-section-height-default\" data-id=\"3f7a993e\" data-element_type=\"section\">\n\t\t\t\t\t\t<div class=\"elementor-container elementor-column-gap-default\">\n\t\t\t\t\t<div class=\"elementor-column elementor-col-100 elementor-top-column elementor-element elementor-element-469d4a32\" data-id=\"469d4a32\" data-element_type=\"column\">\n\t\t\t<div class=\"elementor-widget-wrap elementor-element-populated\">\n\t\t\t\t\t\t\t\t<div class=\"elementor-element elementor-element-f7eeab4 elementor-widget elementor-widget-image\" data-id=\"f7eeab4\" data-element_type=\"widget\" data-widget_type=\"image.default\">\n\t\t\t\t<div class=\"elementor-widget-container\">\n\t\t\t\t\t\t\t\t\t\t\t\t\t\t\t<img loading=\"lazy\" decoding=\"async\" width=\"640\" height=\"387\" src=\"https:\/\/fgl.com.mx\/wp-content\/uploads\/2021\/09\/Aura-Espc.png\" class=\"attachment-medium_large size-medium_large\" alt=\"\" srcset=\"https:\/\/fgl.com.mx\/wp-content\/uploads\/2021\/09\/Aura-Espc.png 670w, https:\/\/fgl.com.mx\/wp-content\/uploads\/2021\/09\/Aura-Espc-300x181.png 300w, https:\/\/fgl.com.mx\/wp-content\/uploads\/2021\/09\/Aura-Espc-600x363.png 600w\" sizes=\"(max-width: 640px) 100vw, 640px\" \/>\t\t\t\t\t\t\t\t\t\t\t\t\t\t\t<\/div>\n\t\t\t\t<\/div>\n\t\t\t\t<div class=\"elementor-element elementor-element-54adf6fc elementor-widget elementor-widget-text-editor\" data-id=\"54adf6fc\" data-element_type=\"widget\" data-widget_type=\"text-editor.default\">\n\t\t\t\t<div class=\"elementor-widget-container\">\n\t\t\t\t\t\t\t<ul><li>Canal g\u00e1strico integrado de amplio tama\u00f1o.<\/li><li>Curvatura anat\u00f3mica para asegurar una inserci\u00f3n f\u00e1cil.<\/li><li>Posibilidad de intubaci\u00f3n con TE est\u00e1ndar.<\/li><li>Bloque mordedor que evita oclusiones ante mordida del paciente.<\/li><li>El bal\u00f3n piloto muestra la talla y proporciona una indicaci\u00f3n t\u00e1ctil del grado de inflado.<\/li><li>Marcas de navegaci\u00f3n para uso de FBO o VD.<\/li><li>Compatible con Resonancia Magn\u00e9tica (RM).<\/li><li>Sin L\u00e1tex\/Sin Ftalatos<\/li><\/ul>\t\t\t\t\t\t<\/div>\n\t\t\t\t<\/div>\n\t\t\t\t\t<\/div>\n\t\t<\/div>\n\t\t\t\t\t\t\t<\/div>\n\t\t<\/section>\n\t\t\t\t\t\t<\/div>\n\t\t\t\t\t<\/div>\n\t\t","protected":false},"excerpt":{"rendered":"<p>Mascarilla Lar\u00edngea de Ambu que integra acceso g\u00e1strico y posibilidad de intubar en un dispositivo con curvatura anat\u00f3mica que facilita una inserci\u00f3n segura y r\u00e1pida para alcanzar una v\u00eda a\u00e9rea segura.<\/p>\n","protected":false},"featured_media":667,"template":"","meta":[],"product_cat":[116],"product_tag":[],"blog_post_layout_featured_media_urls":{"thumbnail":["https:\/\/fgl.com.mx\/wp-content\/uploads\/2021\/09\/AM-408100000-150x150.jpg",150,150,true],"full":["https:\/\/fgl.com.mx\/wp-content\/uploads\/2021\/09\/AM-408100000.jpg",800,534,false]},"categories":["4"],"categories_names":{"4":{"name":"variable","link":"https:\/\/fgl.com.mx\/?taxonomy=product_type&term=variable"}},"comments_number":"0","_links":{"self":[{"href":"https:\/\/fgl.com.mx\/index.php\/wp-json\/wp\/v2\/product\/654"}],"collection":[{"href":"https:\/\/fgl.com.mx\/index.php\/wp-json\/wp\/v2\/product"}],"about":[{"href":"https:\/\/fgl.com.mx\/index.php\/wp-json\/wp\/v2\/types\/product"}],"version-history":[{"count":9,"href":"https:\/\/fgl.com.mx\/index.php\/wp-json\/wp\/v2\/product\/654\/revisions"}],"predecessor-version":[{"id":2909,"href":"https:\/\/fgl.com.mx\/index.php\/wp-json\/wp\/v2\/product\/654\/revisions\/2909"}],"wp:featuredmedia":[{"embeddable":true,"href":"https:\/\/fgl.com.mx\/index.php\/wp-json\/wp\/v2\/media\/667"}],"wp:attachment":[{"href":"https:\/\/fgl.com.mx\/index.php\/wp-json\/wp\/v2\/media?parent=654"}],"wp:term":[{"taxonomy":"product_cat","embeddable":true,"href":"https:\/\/fgl.com.mx\/index.php\/wp-json\/wp\/v2\/product_cat?post=654"},{"taxonomy":"product_tag","embeddable":true,"href":"https:\/\/fgl.com.mx\/index.php\/wp-json\/wp\/v2\/product_tag?post=654"}],"curies":[{"name":"wp","href":"https:\/\/api.w.org\/{rel}","templated":true}]}}