{"id":685,"date":"2021-09-21T13:32:49","date_gmt":"2021-09-21T18:32:49","guid":{"rendered":"https:\/\/fgl.com.mx\/?post_type=product&#038;p=685"},"modified":"2022-06-29T16:50:24","modified_gmt":"2022-06-29T21:50:24","slug":"sistema-de-drenaje-pleural","status":"publish","type":"product","link":"https:\/\/fgl.com.mx\/index.php\/product\/sistema-de-drenaje-pleural\/","title":{"rendered":"Unidad de drenaje tor\u00e1cico Aqua-Seal\u2122"},"content":{"rendered":"<p>La unidad de drenaje tor\u00e1cico (UDT) Aqua-Seal\u2122 es una UDT de aspiraci\u00f3n h\u00fameda utilizada para restablecer la presi\u00f3n negativa dentro del espacio pleural. La UDT incorpora tres c\u00e1maras b\u00e1sicas: una c\u00e1mara de recolecci\u00f3n para controlar el volumen, la velocidad y la naturaleza del drenaje; una c\u00e1mara de sellado de agua que act\u00faa como una v\u00e1lvula unidireccional, adem\u00e1s de una ventana en el espacio pleural del paciente; y una c\u00e1mara de control de aspiraci\u00f3n por agua para regular la aspiraci\u00f3n y ayudar a reexpandir el pulm\u00f3n.<\/p>\n","protected":false},"excerpt":{"rendered":"<p>Sello de agua para drenaje pleural de aspiraci\u00f3n h\u00fameda para restablecer la presi\u00f3n negativa dentro del espacio pleural.<\/p>\n","protected":false},"featured_media":887,"template":"","meta":[],"product_cat":[102],"product_tag":[],"blog_post_layout_featured_media_urls":{"thumbnail":["https:\/\/fgl.com.mx\/wp-content\/uploads\/2021\/09\/AR-8888571299-1-150x150.jpg",150,150,true],"full":["https:\/\/fgl.com.mx\/wp-content\/uploads\/2021\/09\/AR-8888571299-1.jpg",800,800,false]},"categories":["2"],"categories_names":{"2":{"name":"simple","link":"https:\/\/fgl.com.mx\/?taxonomy=product_type&term=simple"}},"comments_number":"0","_links":{"self":[{"href":"https:\/\/fgl.com.mx\/index.php\/wp-json\/wp\/v2\/product\/685"}],"collection":[{"href":"https:\/\/fgl.com.mx\/index.php\/wp-json\/wp\/v2\/product"}],"about":[{"href":"https:\/\/fgl.com.mx\/index.php\/wp-json\/wp\/v2\/types\/product"}],"version-history":[{"count":4,"href":"https:\/\/fgl.com.mx\/index.php\/wp-json\/wp\/v2\/product\/685\/revisions"}],"predecessor-version":[{"id":2894,"href":"https:\/\/fgl.com.mx\/index.php\/wp-json\/wp\/v2\/product\/685\/revisions\/2894"}],"wp:featuredmedia":[{"embeddable":true,"href":"https:\/\/fgl.com.mx\/index.php\/wp-json\/wp\/v2\/media\/887"}],"wp:attachment":[{"href":"https:\/\/fgl.com.mx\/index.php\/wp-json\/wp\/v2\/media?parent=685"}],"wp:term":[{"taxonomy":"product_cat","embeddable":true,"href":"https:\/\/fgl.com.mx\/index.php\/wp-json\/wp\/v2\/product_cat?post=685"},{"taxonomy":"product_tag","embeddable":true,"href":"https:\/\/fgl.com.mx\/index.php\/wp-json\/wp\/v2\/product_tag?post=685"}],"curies":[{"name":"wp","href":"https:\/\/api.w.org\/{rel}","templated":true}]}}