{"id":689,"date":"2021-09-21T16:10:25","date_gmt":"2021-09-21T21:10:25","guid":{"rendered":"https:\/\/fgl.com.mx\/?post_type=product&#038;p=689"},"modified":"2022-06-29T16:17:56","modified_gmt":"2022-06-29T21:17:56","slug":"guia-metalica-para-intubacion","status":"publish","type":"product","link":"https:\/\/fgl.com.mx\/index.php\/product\/guia-metalica-para-intubacion\/","title":{"rendered":"Gu\u00eda met\u00e1lica para intubaci\u00f3n"},"content":{"rendered":"<p>Estilete para intubaci\u00f3n.<\/p>\n<p>Fabricado en aluminio maleable recubierto de pl\u00e1stico.<\/p>\n<p>Punta redondeada suave para minimizar el trauma del paciente durante la intubaci\u00f3n.<\/p>\n<p>Uso flexible para ayudar en la intubaci\u00f3n.<\/p>\n","protected":false},"excerpt":{"rendered":"<p>Estilete Well Lead para intubaci\u00f3n pedi\u00e1trica y adulto.<\/p>\n","protected":false},"featured_media":2835,"template":"","meta":[],"product_cat":[28],"product_tag":[],"blog_post_layout_featured_media_urls":{"thumbnail":["https:\/\/fgl.com.mx\/wp-content\/uploads\/2021\/09\/WL-251014-150x150.jpg",150,150,true],"full":["https:\/\/fgl.com.mx\/wp-content\/uploads\/2021\/09\/WL-251014.jpg",800,800,false]},"categories":["4"],"categories_names":{"4":{"name":"variable","link":"https:\/\/fgl.com.mx\/?taxonomy=product_type&term=variable"}},"comments_number":"0","_links":{"self":[{"href":"https:\/\/fgl.com.mx\/index.php\/wp-json\/wp\/v2\/product\/689"}],"collection":[{"href":"https:\/\/fgl.com.mx\/index.php\/wp-json\/wp\/v2\/product"}],"about":[{"href":"https:\/\/fgl.com.mx\/index.php\/wp-json\/wp\/v2\/types\/product"}],"version-history":[{"count":6,"href":"https:\/\/fgl.com.mx\/index.php\/wp-json\/wp\/v2\/product\/689\/revisions"}],"predecessor-version":[{"id":2884,"href":"https:\/\/fgl.com.mx\/index.php\/wp-json\/wp\/v2\/product\/689\/revisions\/2884"}],"wp:featuredmedia":[{"embeddable":true,"href":"https:\/\/fgl.com.mx\/index.php\/wp-json\/wp\/v2\/media\/2835"}],"wp:attachment":[{"href":"https:\/\/fgl.com.mx\/index.php\/wp-json\/wp\/v2\/media?parent=689"}],"wp:term":[{"taxonomy":"product_cat","embeddable":true,"href":"https:\/\/fgl.com.mx\/index.php\/wp-json\/wp\/v2\/product_cat?post=689"},{"taxonomy":"product_tag","embeddable":true,"href":"https:\/\/fgl.com.mx\/index.php\/wp-json\/wp\/v2\/product_tag?post=689"}],"curies":[{"name":"wp","href":"https:\/\/api.w.org\/{rel}","templated":true}]}}