{"id":694,"date":"2021-09-21T16:01:45","date_gmt":"2021-09-21T21:01:45","guid":{"rendered":"https:\/\/fgl.com.mx\/?post_type=product&#038;p=694"},"modified":"2022-06-29T16:25:52","modified_gmt":"2022-06-29T21:25:52","slug":"llave-de-tres-vias-con-extension","status":"publish","type":"product","link":"https:\/\/fgl.com.mx\/index.php\/product\/llave-de-tres-vias-con-extension\/","title":{"rendered":"Llave de tres v\u00edas con alargadera Discofix\u00ae C"},"content":{"rendered":"<p>Llave de 3 v\u00edas con extensi\u00f3n de 75 cm<\/p>\n<ul>\n<li>Carcasa fabricada en Poliamida microcristalina.<\/li>\n<li>Material resistente a f\u00e1rmacos y desinfectantes agresivos.<\/li>\n<li>Alargaderas de PVC sin DEHP.<\/li>\n<\/ul>\n","protected":false},"excerpt":{"rendered":"<p>Llaves de tres v\u00edas para la infusi\u00f3n o monitorizaci\u00f3n.<\/p>\n","protected":false},"featured_media":701,"template":"","meta":[],"product_cat":[103],"product_tag":[],"blog_post_layout_featured_media_urls":{"thumbnail":["https:\/\/fgl.com.mx\/wp-content\/uploads\/2021\/09\/BRA-16551C-150x150.jpeg",150,150,true],"full":["https:\/\/fgl.com.mx\/wp-content\/uploads\/2021\/09\/BRA-16551C.jpeg",800,800,false]},"categories":["2"],"categories_names":{"2":{"name":"simple","link":"https:\/\/fgl.com.mx\/?taxonomy=product_type&term=simple"}},"comments_number":"0","_links":{"self":[{"href":"https:\/\/fgl.com.mx\/index.php\/wp-json\/wp\/v2\/product\/694"}],"collection":[{"href":"https:\/\/fgl.com.mx\/index.php\/wp-json\/wp\/v2\/product"}],"about":[{"href":"https:\/\/fgl.com.mx\/index.php\/wp-json\/wp\/v2\/types\/product"}],"version-history":[{"count":3,"href":"https:\/\/fgl.com.mx\/index.php\/wp-json\/wp\/v2\/product\/694\/revisions"}],"predecessor-version":[{"id":2888,"href":"https:\/\/fgl.com.mx\/index.php\/wp-json\/wp\/v2\/product\/694\/revisions\/2888"}],"wp:featuredmedia":[{"embeddable":true,"href":"https:\/\/fgl.com.mx\/index.php\/wp-json\/wp\/v2\/media\/701"}],"wp:attachment":[{"href":"https:\/\/fgl.com.mx\/index.php\/wp-json\/wp\/v2\/media?parent=694"}],"wp:term":[{"taxonomy":"product_cat","embeddable":true,"href":"https:\/\/fgl.com.mx\/index.php\/wp-json\/wp\/v2\/product_cat?post=694"},{"taxonomy":"product_tag","embeddable":true,"href":"https:\/\/fgl.com.mx\/index.php\/wp-json\/wp\/v2\/product_tag?post=694"}],"curies":[{"name":"wp","href":"https:\/\/api.w.org\/{rel}","templated":true}]}}