{"id":698,"date":"2021-09-21T16:09:26","date_gmt":"2021-09-21T21:09:26","guid":{"rendered":"https:\/\/fgl.com.mx\/?post_type=product&#038;p=698"},"modified":"2022-06-29T16:22:24","modified_gmt":"2022-06-29T21:22:24","slug":"banco-de-llave-de-tres-vias","status":"publish","type":"product","link":"https:\/\/fgl.com.mx\/index.php\/product\/banco-de-llave-de-tres-vias\/","title":{"rendered":"Llave de tres v\u00edas Discofix\u00ae C"},"content":{"rendered":"<p>Fabricada en material resistente a f\u00e1rmacos y desinfectantes agresivos.<\/p>\n","protected":false},"excerpt":{"rendered":"<div class=\"_product-subline _text _p-container-narrow\">\n<p>Llave de tres v\u00edas para la infusi\u00f3n o monitorizaci\u00f3n.<\/p>\n<\/div>\n<div class=\"_product-featured-media\">\n<div class=\"_product-featured-media__inner\">\n<div class=\"_image-gallery\" data-aspect-ratio=\"1.0\" data-text-prev=\"Previous image\" data-text-next=\"Next image\" data-autoplay=\"false\" data-autoplay-speed=\"3000\" data-appcms=\"false\">\n<div class=\"_image-gallery__inner\">\n<div class=\"_image-gallery__thumbs\">\n<div class=\"_image-gallery__item _image-gallery__item--is-active\" data-index=\"0\">\n<div class=\"_image\">\n<figure class=\"_image__figure\"><a class=\"_image__link _u-link-whitelist\" title=\"Acercar imagen\" href=\"https:\/\/www.bbraun.es\/content\/dam\/catalog\/bbraun\/bbraunProductCatalog\/S\/AEM2015\/es-es\/b\/discofic-c-16600c0002.jpeg\" target=\"_blank\" rel=\"noopener\"><picture class=\"_image__picture\"><source srcset=\"\/content\/dam\/catalog\/bbraun\/bbraunProductCatalog\/S\/AEM2015\/es-es\/b\/discofic-c-16600c0002.jpeg.transform\/1000\/image.jpg 1000w, \/content\/dam\/catalog\/bbraun\/bbraunProductCatalog\/S\/AEM2015\/es-es\/b\/discofic-c-16600c0002.jpeg.transform\/800\/image.jpg 800w, \/content\/dam\/catalog\/bbraun\/bbraunProductCatalog\/S\/AEM2015\/es-es\/b\/discofic-c-16600c0002.jpeg.transform\/600\/image.jpg 600w, \/content\/dam\/catalog\/bbraun\/bbraunProductCatalog\/S\/AEM2015\/es-es\/b\/discofic-c-16600c0002.jpeg.transform\/400\/image.jpg 400w, \/content\/dam\/catalog\/bbraun\/bbraunProductCatalog\/S\/AEM2015\/es-es\/b\/discofic-c-16600c0002.jpeg.transform\/200\/image.jpg 200w\" sizes=\"auto\" \/><\/picture><\/a><\/figure>\n<\/div>\n<\/div>\n<\/div>\n<\/div>\n<\/div>\n<\/div>\n<\/div>\n","protected":false},"featured_media":699,"template":"","meta":[],"product_cat":[103],"product_tag":[],"blog_post_layout_featured_media_urls":{"thumbnail":["https:\/\/fgl.com.mx\/wp-content\/uploads\/2021\/09\/BRA-16600C-150x150.jpeg",150,150,true],"full":["https:\/\/fgl.com.mx\/wp-content\/uploads\/2021\/09\/BRA-16600C.jpeg",800,800,false]},"categories":["2"],"categories_names":{"2":{"name":"simple","link":"https:\/\/fgl.com.mx\/?taxonomy=product_type&term=simple"}},"comments_number":"0","_links":{"self":[{"href":"https:\/\/fgl.com.mx\/index.php\/wp-json\/wp\/v2\/product\/698"}],"collection":[{"href":"https:\/\/fgl.com.mx\/index.php\/wp-json\/wp\/v2\/product"}],"about":[{"href":"https:\/\/fgl.com.mx\/index.php\/wp-json\/wp\/v2\/types\/product"}],"version-history":[{"count":3,"href":"https:\/\/fgl.com.mx\/index.php\/wp-json\/wp\/v2\/product\/698\/revisions"}],"predecessor-version":[{"id":2886,"href":"https:\/\/fgl.com.mx\/index.php\/wp-json\/wp\/v2\/product\/698\/revisions\/2886"}],"wp:featuredmedia":[{"embeddable":true,"href":"https:\/\/fgl.com.mx\/index.php\/wp-json\/wp\/v2\/media\/699"}],"wp:attachment":[{"href":"https:\/\/fgl.com.mx\/index.php\/wp-json\/wp\/v2\/media?parent=698"}],"wp:term":[{"taxonomy":"product_cat","embeddable":true,"href":"https:\/\/fgl.com.mx\/index.php\/wp-json\/wp\/v2\/product_cat?post=698"},{"taxonomy":"product_tag","embeddable":true,"href":"https:\/\/fgl.com.mx\/index.php\/wp-json\/wp\/v2\/product_tag?post=698"}],"curies":[{"name":"wp","href":"https:\/\/api.w.org\/{rel}","templated":true}]}}