{"id":700,"date":"2021-09-21T16:32:11","date_gmt":"2021-09-21T21:32:11","guid":{"rendered":"https:\/\/fgl.com.mx\/?post_type=product&#038;p=700"},"modified":"2022-07-12T10:05:45","modified_gmt":"2022-07-12T15:05:45","slug":"guia-metalica-para-intubacion-2","status":"publish","type":"product","link":"https:\/\/fgl.com.mx\/index.php\/product\/guia-metalica-para-intubacion-2\/","title":{"rendered":"Gu\u00eda met\u00e1lica para intubaci\u00f3n"},"content":{"rendered":"<p>Sirve como ayuda positiva para la intubaci\u00f3n. Surtido de 3 tama\u00f1os para adaptarse a la mayor\u00eda de tubos traqueales para pacientes adultos y pedi\u00e1tricos. Estilete para intubaci\u00f3n extralargo disponible tambi\u00e9n en tama\u00f1os para pacientes adultos.<\/p>\n<h4>Ventajas del producto<\/h4>\n<ul class=\"ord-list\">\n<li>Aluminio maleable con el que se puede adaptar f\u00e1cilmente el estilete a cualquier forma deseada.<\/li>\n<li>El suave manguito exterior de polietileno de alta densidad facilita la inserci\u00f3n y la retirada.<\/li>\n<\/ul>\n","protected":false},"excerpt":{"rendered":"<p>Estilete Portex<sup>\u00ae<\/sup> para intubaci\u00f3n pedi\u00e1trica y adulto.<\/p>\n","protected":false},"featured_media":708,"template":"","meta":[],"product_cat":[28],"product_tag":[],"blog_post_layout_featured_media_urls":{"thumbnail":["https:\/\/fgl.com.mx\/wp-content\/uploads\/2021\/09\/P-103004-150x150.jpg",150,150,true],"full":["https:\/\/fgl.com.mx\/wp-content\/uploads\/2021\/09\/P-103004.jpg",800,598,false]},"categories":["4"],"categories_names":{"4":{"name":"variable","link":"https:\/\/fgl.com.mx\/?taxonomy=product_type&term=variable"}},"comments_number":"0","_links":{"self":[{"href":"https:\/\/fgl.com.mx\/index.php\/wp-json\/wp\/v2\/product\/700"}],"collection":[{"href":"https:\/\/fgl.com.mx\/index.php\/wp-json\/wp\/v2\/product"}],"about":[{"href":"https:\/\/fgl.com.mx\/index.php\/wp-json\/wp\/v2\/types\/product"}],"version-history":[{"count":3,"href":"https:\/\/fgl.com.mx\/index.php\/wp-json\/wp\/v2\/product\/700\/revisions"}],"predecessor-version":[{"id":2876,"href":"https:\/\/fgl.com.mx\/index.php\/wp-json\/wp\/v2\/product\/700\/revisions\/2876"}],"wp:featuredmedia":[{"embeddable":true,"href":"https:\/\/fgl.com.mx\/index.php\/wp-json\/wp\/v2\/media\/708"}],"wp:attachment":[{"href":"https:\/\/fgl.com.mx\/index.php\/wp-json\/wp\/v2\/media?parent=700"}],"wp:term":[{"taxonomy":"product_cat","embeddable":true,"href":"https:\/\/fgl.com.mx\/index.php\/wp-json\/wp\/v2\/product_cat?post=700"},{"taxonomy":"product_tag","embeddable":true,"href":"https:\/\/fgl.com.mx\/index.php\/wp-json\/wp\/v2\/product_tag?post=700"}],"curies":[{"name":"wp","href":"https:\/\/api.w.org\/{rel}","templated":true}]}}