{"id":710,"date":"2021-09-22T09:28:27","date_gmt":"2021-09-22T14:28:27","guid":{"rendered":"https:\/\/fgl.com.mx\/?post_type=product&#038;p=710"},"modified":"2022-04-05T17:19:31","modified_gmt":"2022-04-05T22:19:31","slug":"cateter-venoso-central-doble-lumen","status":"publish","type":"product","link":"https:\/\/fgl.com.mx\/index.php\/product\/cateter-venoso-central-doble-lumen\/","title":{"rendered":"Cat\u00e9ter venoso central doble lumen Certofix\u00ae Duo"},"content":{"rendered":"<p>Equipo para la cateterizaci\u00f3n de la vena cava superior mediante la t\u00e9cnica Seldinger seg\u00fan diferentes abordajes (yugular, subclavia) y con posibilidad del control de la posici\u00f3n de la punta del cat\u00e9ter a tiempo real mediante derivaci\u00f3n del ECG intraauricular a trav\u00e9s de la gu\u00eda de Seldinger.<\/p>\n<p>Componentes de set:<\/p>\n<p>C\u00e1nula de punci\u00f3n.<\/p>\n<ul>\n<li>Seldinger o Valvulada.<\/li>\n<\/ul>\n<p>Cat\u00e9ter de dos luces.<\/p>\n<ul>\n<li>Fabricado en Poliuretano Cert\u00f3n (PUR).<\/li>\n<li>Di\u00e1metro externo 7F.<\/li>\n<li>Punta blanda (soft-tip).<\/li>\n<li>Radioopaco.<\/li>\n<li>Distal 16 G; proximal 16 G.<\/li>\n<li>Con v\u00e1lvulas sin aguja Safsite\u00ae.<\/li>\n<li>Marcas de longitud.<\/li>\n<li>L\u00edneas de infusi\u00f3n con pinzas deslizantes (clamps de distinto color) para el cierre de la mismas y detenci\u00f3n de la infusi\u00f3n.<\/li>\n<li>Fijaci\u00f3n optima con aletas de fijaci\u00f3n integradas en todas las longitudes y aletas movibles adicionales en las longitudes de 20 y 30 cm.<\/li>\n<\/ul>\n<p>Gu\u00eda Seldinger con punta en J.<\/p>\n<ul>\n<li>Montada en dispensador ergon\u00f3mico.<\/li>\n<li>Fabricada en Nitinol (aleaci\u00f3n Ni-Ti).<\/li>\n<li>100% antiacodable.<\/li>\n<\/ul>\n<p>Jeringa Omnifix\u00ae luer-lock de 5ml.<\/p>\n<p>Escalpelo.<\/p>\n<p>Dilatador.<\/p>\n<p>Cable de conexi\u00f3n para obtenci\u00f3n del ECG intraauricular a trav\u00e9s de la gu\u00eda Seldinger.<\/p>\n","protected":false},"excerpt":{"rendered":"<p>Equipo para la cateterizaci\u00f3n de la vena cava superior mediante la t\u00e9cnica Seldinger.<\/p>\n","protected":false},"featured_media":755,"template":"","meta":[],"product_cat":[103],"product_tag":[],"blog_post_layout_featured_media_urls":{"thumbnail":["https:\/\/fgl.com.mx\/wp-content\/uploads\/2021\/09\/BRA-4161211-2-150x150.jpeg",150,150,true],"full":["https:\/\/fgl.com.mx\/wp-content\/uploads\/2021\/09\/BRA-4161211-2.jpeg",800,800,false]},"categories":["4"],"categories_names":{"4":{"name":"variable","link":"https:\/\/fgl.com.mx\/?taxonomy=product_type&term=variable"}},"comments_number":"0","_links":{"self":[{"href":"https:\/\/fgl.com.mx\/index.php\/wp-json\/wp\/v2\/product\/710"}],"collection":[{"href":"https:\/\/fgl.com.mx\/index.php\/wp-json\/wp\/v2\/product"}],"about":[{"href":"https:\/\/fgl.com.mx\/index.php\/wp-json\/wp\/v2\/types\/product"}],"version-history":[{"count":4,"href":"https:\/\/fgl.com.mx\/index.php\/wp-json\/wp\/v2\/product\/710\/revisions"}],"predecessor-version":[{"id":2824,"href":"https:\/\/fgl.com.mx\/index.php\/wp-json\/wp\/v2\/product\/710\/revisions\/2824"}],"wp:featuredmedia":[{"embeddable":true,"href":"https:\/\/fgl.com.mx\/index.php\/wp-json\/wp\/v2\/media\/755"}],"wp:attachment":[{"href":"https:\/\/fgl.com.mx\/index.php\/wp-json\/wp\/v2\/media?parent=710"}],"wp:term":[{"taxonomy":"product_cat","embeddable":true,"href":"https:\/\/fgl.com.mx\/index.php\/wp-json\/wp\/v2\/product_cat?post=710"},{"taxonomy":"product_tag","embeddable":true,"href":"https:\/\/fgl.com.mx\/index.php\/wp-json\/wp\/v2\/product_tag?post=710"}],"curies":[{"name":"wp","href":"https:\/\/api.w.org\/{rel}","templated":true}]}}