{"id":758,"date":"2021-09-22T10:39:22","date_gmt":"2021-09-22T15:39:22","guid":{"rendered":"https:\/\/fgl.com.mx\/?post_type=product&#038;p=758"},"modified":"2022-04-05T17:19:23","modified_gmt":"2022-04-05T22:19:23","slug":"cateter-venoso-central-triple-lumen","status":"publish","type":"product","link":"https:\/\/fgl.com.mx\/index.php\/product\/cateter-venoso-central-triple-lumen\/","title":{"rendered":"Cat\u00e9ter venoso central triple lumen Certofix\u00ae Trio"},"content":{"rendered":"<p>Equipo para la cateterizaci\u00f3n de la vena cava superior mediante la t\u00e9cnica Seldinger seg\u00fan diferentes abordajes (yugular, subclavia) y con posibilidad del control de la posici\u00f3n de la punta del cat\u00e9ter a tiempo real mediante derivaci\u00f3n del ECG intraauricular a trav\u00e9s de la gu\u00eda de Seldinger.<\/p>\n<p>Componentes de set:<\/p>\n<p>C\u00e1nula de punci\u00f3n.<\/p>\n<ul>\n<li class=\"_product-subline _text _p-container-narrow\">Seldinger o Valvulada.<\/li>\n<\/ul>\n<div class=\"_productbasetexts _text _p-container-narrow\">\n<div class=\"_product-text _product-text--no-headline _product-text--xbesc\" lang=\"ES\">Cat\u00e9ter de tres luces.<\/p>\n<ul>\n<li>Fabricado en Poliuretano Cert\u00f3n (PUR).<\/li>\n<li>Di\u00e1metro externo 7F.<\/li>\n<li>Punta blanda (soft-tip).<\/li>\n<li>Radioopaco.<\/li>\n<li>Distal 16 G; medio 18 G; proximal 18 G.<\/li>\n<li>Con v\u00e1lvulas sin aguja Safsite\u00ae.<\/li>\n<li>Marcas de longitud.<\/li>\n<li>L\u00edneas de infusi\u00f3n con pinzas deslizantes (clamps de distinto color) para el cierre de la mismas y detenci\u00f3n de la infusi\u00f3n.<\/li>\n<li>Fijaci\u00f3n \u00f3ptima con aletas de fijaci\u00f3n integradas en todas las longitudes y aletas movibles adicionales en las longitudes de 20 y 30 cm.<\/li>\n<\/ul>\n<p>Gu\u00eda Seldinger con punta en J.<\/p>\n<ul>\n<li>Montada en dispensador ergon\u00f3mico.<\/li>\n<li>Fabricada en Nitinol (aleaci\u00f3n Ni-Ti).<\/li>\n<li>100% antiacodable.<\/li>\n<\/ul>\n<p>Jeringa Omnifix\u00ae luer-lock de 5ml.Escalpelo.Dilatador.Cable de conexi\u00f3n para obtenci\u00f3n del ECG intraauricular a trav\u00e9s de la gu\u00eda Seldinger.<\/p><\/div>\n<\/div>\n","protected":false},"excerpt":{"rendered":"<p>Equipo para la cateterizaci\u00f3n de la vena cava superior mediante la t\u00e9cnica Seldinger.<\/p>\n","protected":false},"featured_media":2821,"template":"","meta":[],"product_cat":[103],"product_tag":[],"blog_post_layout_featured_media_urls":{"thumbnail":["https:\/\/fgl.com.mx\/wp-content\/uploads\/2021\/09\/BRA-4163214-2-1-150x150.jpg",150,150,true],"full":["https:\/\/fgl.com.mx\/wp-content\/uploads\/2021\/09\/BRA-4163214-2-1.jpg",800,800,false]},"categories":["4"],"categories_names":{"4":{"name":"variable","link":"https:\/\/fgl.com.mx\/?taxonomy=product_type&term=variable"}},"comments_number":"0","_links":{"self":[{"href":"https:\/\/fgl.com.mx\/index.php\/wp-json\/wp\/v2\/product\/758"}],"collection":[{"href":"https:\/\/fgl.com.mx\/index.php\/wp-json\/wp\/v2\/product"}],"about":[{"href":"https:\/\/fgl.com.mx\/index.php\/wp-json\/wp\/v2\/types\/product"}],"version-history":[{"count":6,"href":"https:\/\/fgl.com.mx\/index.php\/wp-json\/wp\/v2\/product\/758\/revisions"}],"predecessor-version":[{"id":2825,"href":"https:\/\/fgl.com.mx\/index.php\/wp-json\/wp\/v2\/product\/758\/revisions\/2825"}],"wp:featuredmedia":[{"embeddable":true,"href":"https:\/\/fgl.com.mx\/index.php\/wp-json\/wp\/v2\/media\/2821"}],"wp:attachment":[{"href":"https:\/\/fgl.com.mx\/index.php\/wp-json\/wp\/v2\/media?parent=758"}],"wp:term":[{"taxonomy":"product_cat","embeddable":true,"href":"https:\/\/fgl.com.mx\/index.php\/wp-json\/wp\/v2\/product_cat?post=758"},{"taxonomy":"product_tag","embeddable":true,"href":"https:\/\/fgl.com.mx\/index.php\/wp-json\/wp\/v2\/product_tag?post=758"}],"curies":[{"name":"wp","href":"https:\/\/api.w.org\/{rel}","templated":true}]}}