{"id":838,"date":"2021-09-22T13:45:02","date_gmt":"2021-09-22T18:45:02","guid":{"rendered":"https:\/\/fgl.com.mx\/?post_type=product&#038;p=838"},"modified":"2022-03-31T12:05:18","modified_gmt":"2022-03-31T18:05:18","slug":"neuroestimulador-de-nervios-perifericos","status":"publish","type":"product","link":"https:\/\/fgl.com.mx\/index.php\/product\/neuroestimulador-de-nervios-perifericos\/","title":{"rendered":"Neuroestimulador Stimuplex\u00ae"},"content":{"rendered":"<div class=\"_product-text _product-text--no-headline _product-text--xbesc\" lang=\"ES\">\n<p>Stimuplex\u00ae HNS 12 muestra en su amplia pantalla LCD toda la informaci\u00f3n necesaria con un r\u00e1pido vistazo.<\/p>\n<ul>\n<li>Intensidad del impulso en mA regulable de 0-1 mA y de 0-5 mA.<\/li>\n<li>Rango de intensidad del impulso en mA.<\/li>\n<li>Duraci\u00f3n del impulso en ms ajustable a 0.05 ms, 0.1 ms, 0.3 ms, 0.5 ms y 1 ms.<\/li>\n<li>Frecuencia del impulso en Hz seleccionable entre 1 \u00f3 2 Hz.<\/li>\n<li>Impedancia en kOhm.<\/li>\n<li>Carga el\u00e9ctrica expresada en nC (si la opci\u00f3n est\u00e1 activada).<\/li>\n<\/ul>\n<\/div>\n<div class=\"_product-text _product-text--xadvn\" lang=\"ES\">\n<p class=\"_p-h2\">Ventajas:<\/p>\n<ul>\n<li class=\"_p-h2\">La t\u00e9cnica de la eStimulaci\u00f3n El\u00e9ctrica Nerviosa Secuencial utiliza alternadamente una serie de 3 impulsos el\u00e9ctricos secuenciales de diferente duraci\u00f3n.<\/li>\n<li class=\"_p-h2\">Dos impulsos de una duraci\u00f3n de 0,1 ms son sucedidos por un tercer impulso de mayor duraci\u00f3n (entre 0,15 y1,00 ms) seg\u00fan la intensidad de corriente aplicada.<\/li>\n<li class=\"_p-h2\">Los dos primeros impulsos, m\u00e1s cortos, mantienen la precisi\u00f3n y exactitud en la localizaci\u00f3n del nervio, mientras que el tercer impulso, m\u00e1s largo, permite observar la respuesta motora a una mayor distancia entre la aguja y el nervio (inicio de la respuesta m\u00e1s r\u00e1pido).<\/li>\n<\/ul>\n<\/div>\n","protected":false},"excerpt":{"rendered":"<p>Neuroestimulador para anestesia regional de plexos y nervios perif\u00e9ricos.<\/p>\n","protected":false},"featured_media":841,"template":"","meta":[],"product_cat":[48],"product_tag":[],"blog_post_layout_featured_media_urls":{"thumbnail":["https:\/\/fgl.com.mx\/wp-content\/uploads\/2021\/09\/BRA-4892098-150x150.jpg",150,150,true],"full":["https:\/\/fgl.com.mx\/wp-content\/uploads\/2021\/09\/BRA-4892098.jpg",800,800,false]},"categories":["2"],"categories_names":{"2":{"name":"simple","link":"https:\/\/fgl.com.mx\/?taxonomy=product_type&term=simple"}},"comments_number":"0","_links":{"self":[{"href":"https:\/\/fgl.com.mx\/index.php\/wp-json\/wp\/v2\/product\/838"}],"collection":[{"href":"https:\/\/fgl.com.mx\/index.php\/wp-json\/wp\/v2\/product"}],"about":[{"href":"https:\/\/fgl.com.mx\/index.php\/wp-json\/wp\/v2\/types\/product"}],"version-history":[{"count":3,"href":"https:\/\/fgl.com.mx\/index.php\/wp-json\/wp\/v2\/product\/838\/revisions"}],"predecessor-version":[{"id":2722,"href":"https:\/\/fgl.com.mx\/index.php\/wp-json\/wp\/v2\/product\/838\/revisions\/2722"}],"wp:featuredmedia":[{"embeddable":true,"href":"https:\/\/fgl.com.mx\/index.php\/wp-json\/wp\/v2\/media\/841"}],"wp:attachment":[{"href":"https:\/\/fgl.com.mx\/index.php\/wp-json\/wp\/v2\/media?parent=838"}],"wp:term":[{"taxonomy":"product_cat","embeddable":true,"href":"https:\/\/fgl.com.mx\/index.php\/wp-json\/wp\/v2\/product_cat?post=838"},{"taxonomy":"product_tag","embeddable":true,"href":"https:\/\/fgl.com.mx\/index.php\/wp-json\/wp\/v2\/product_tag?post=838"}],"curies":[{"name":"wp","href":"https:\/\/api.w.org\/{rel}","templated":true}]}}