{"id":840,"date":"2021-09-22T16:35:09","date_gmt":"2021-09-22T21:35:09","guid":{"rendered":"https:\/\/fgl.com.mx\/?post_type=product&#038;p=840"},"modified":"2022-03-31T12:46:38","modified_gmt":"2022-03-31T18:46:38","slug":"sistema-de-succion-cerrada-para-traqueostomia","status":"publish","type":"product","link":"https:\/\/fgl.com.mx\/index.php\/product\/sistema-de-succion-cerrada-para-traqueostomia\/","title":{"rendered":"Sistema SuctionPro 72\u2122 para traqueostom\u00eda"},"content":{"rendered":"<p>El sistema de aspiraci\u00f3n de ventilaci\u00f3n cerrada Portex\u00ae SuctionPro 72\u2122 es un dispositivo de aspiraci\u00f3n para su uso en un solo paciente concebido con el objetivo de eliminar secreciones del \u00e1rbol traqueobronquial en pacientes adultos dependientes de ventilaci\u00f3n. Uso previsto de 72 horas.<\/p>\n<div class=\"feature-detail\">\n<p>VENTAJAS DEL PRODUCTO:<\/p>\n<\/div>\n<div class=\"feature-detail\">\n<ul class=\"ord-list\">\n<li>Duraci\u00f3n de uso recomendada: 3 d\u00edas.<\/li>\n<li>Puerto de evacuaci\u00f3n de la v\u00eda transparente.<\/li>\n<li>Tapa del extremo de la v\u00e1lvula de pulgar bloqueable.<\/li>\n<li>Est\u00e9ril, de uso en un solo paciente.<\/li>\n<li>Etiqueta del paciente con adhesivos con los d\u00edas de la semana.<\/li>\n<li>Pieza en T transparente para la visualizaci\u00f3n de la v\u00eda.<\/li>\n<li>Manguito del cat\u00e9ter flexible y resistente.<\/li>\n<li>Dispositivo Trac-Wedge\u2122 para facilitar la desconexi\u00f3n del cat\u00e9ter de la tr\u00e1quea del paciente o el tubo de traqueotom\u00eda.<\/li>\n<li>Conector giratorio para reducir la torsi\u00f3n al paciente en algunos paquetes.<\/li>\n<\/ul>\n<\/div>\n","protected":false},"excerpt":{"rendered":"<p>Sistema de aspiraci\u00f3n de ventilaci\u00f3n cerrada para traqueostom\u00eda.<\/p>\n","protected":false},"featured_media":848,"template":"","meta":[],"product_cat":[92],"product_tag":[],"blog_post_layout_featured_media_urls":{"thumbnail":["https:\/\/fgl.com.mx\/wp-content\/uploads\/2021\/09\/P-Z115N-12-150x150.jpg",150,150,true],"full":["https:\/\/fgl.com.mx\/wp-content\/uploads\/2021\/09\/P-Z115N-12.jpg",800,616,false]},"categories":["4"],"categories_names":{"4":{"name":"variable","link":"https:\/\/fgl.com.mx\/?taxonomy=product_type&term=variable"}},"comments_number":"0","_links":{"self":[{"href":"https:\/\/fgl.com.mx\/index.php\/wp-json\/wp\/v2\/product\/840"}],"collection":[{"href":"https:\/\/fgl.com.mx\/index.php\/wp-json\/wp\/v2\/product"}],"about":[{"href":"https:\/\/fgl.com.mx\/index.php\/wp-json\/wp\/v2\/types\/product"}],"version-history":[{"count":3,"href":"https:\/\/fgl.com.mx\/index.php\/wp-json\/wp\/v2\/product\/840\/revisions"}],"predecessor-version":[{"id":2715,"href":"https:\/\/fgl.com.mx\/index.php\/wp-json\/wp\/v2\/product\/840\/revisions\/2715"}],"wp:featuredmedia":[{"embeddable":true,"href":"https:\/\/fgl.com.mx\/index.php\/wp-json\/wp\/v2\/media\/848"}],"wp:attachment":[{"href":"https:\/\/fgl.com.mx\/index.php\/wp-json\/wp\/v2\/media?parent=840"}],"wp:term":[{"taxonomy":"product_cat","embeddable":true,"href":"https:\/\/fgl.com.mx\/index.php\/wp-json\/wp\/v2\/product_cat?post=840"},{"taxonomy":"product_tag","embeddable":true,"href":"https:\/\/fgl.com.mx\/index.php\/wp-json\/wp\/v2\/product_tag?post=840"}],"curies":[{"name":"wp","href":"https:\/\/api.w.org\/{rel}","templated":true}]}}