{"id":844,"date":"2021-09-22T16:52:29","date_gmt":"2021-09-22T21:52:29","guid":{"rendered":"https:\/\/fgl.com.mx\/?post_type=product&#038;p=844"},"modified":"2022-03-31T09:21:31","modified_gmt":"2022-03-31T15:21:31","slug":"aguja-para-bloqueo-de-nervios-perifericos","status":"publish","type":"product","link":"https:\/\/fgl.com.mx\/index.php\/product\/aguja-para-bloqueo-de-nervios-perifericos\/","title":{"rendered":"Aguja Stimuplex\u00ae Ultra 360"},"content":{"rendered":"<div class=\"_product-subline _text _p-container-narrow\">\n<p>Aguja para la localizaci\u00f3n y bloqueo anest\u00e9sico mediante t\u00e9cnica de punci\u00f3n \u00fanica aplicada a la anestesia de plexos y nervios perif\u00e9ricos guiada a trav\u00e9s de ecograf\u00eda y neuroestimulaci\u00f3n.<\/p>\n<p>Caracter\u00edsticas:<\/p>\n<\/div>\n<div class=\"_productbasetexts _text _p-container-narrow\">\n<div class=\"_product-text _product-text--no-headline _product-text--xbesc\" lang=\"ES\">\n<ul>\n<li>Excelente visibilidad a trav\u00e9s de ultrasonidos.<\/li>\n<li>Dise\u00f1o exclusivo con un patr\u00f3n de marcas ecog\u00e9nicas que facilita la clara visualizaci\u00f3n de la aguja durante el procedimiento.<\/li>\n<li>Marcas reflectoras en 360 grados lo que garantiza la visibilidad desde cualquier posici\u00f3n.<\/li>\n<li>C\u00f3digo de seguridad que permite una f\u00e1cil identificaci\u00f3n de la aguja y su punta.<\/li>\n<li>Bisel de 30\u00b0 y recubrimiento aislante para una \u00f3ptima punci\u00f3n y deslizamiento.<\/li>\n<li>Nuevo pabell\u00f3n ergon\u00f3mico que transmite una excelente sensibilidad t\u00e1ctil durante la realizaci\u00f3n del bloqueo.<\/li>\n<li>Marcas de profundidad que ofrecen un feed-back visual directo en la profundidad de inserci\u00f3n.<\/li>\n<li>Conexi\u00f3n al neuroestimulador.<\/li>\n<li>Dispone de una l\u00ednea de extensi\u00f3n para la inyecci\u00f3n del anest\u00e9sico local.<\/li>\n<\/ul>\n<\/div>\n<\/div>\n","protected":false},"excerpt":{"rendered":"<p>Aguja para la localizaci\u00f3n y bloqueo anest\u00e9sico.<\/p>\n","protected":false},"featured_media":855,"template":"","meta":[],"product_cat":[48],"product_tag":[],"blog_post_layout_featured_media_urls":{"thumbnail":["https:\/\/fgl.com.mx\/wp-content\/uploads\/2021\/09\/BRA-4892510-150x150.jpg",150,150,true],"full":["https:\/\/fgl.com.mx\/wp-content\/uploads\/2021\/09\/BRA-4892510.jpg",800,800,false]},"categories":["4"],"categories_names":{"4":{"name":"variable","link":"https:\/\/fgl.com.mx\/?taxonomy=product_type&term=variable"}},"comments_number":"0","_links":{"self":[{"href":"https:\/\/fgl.com.mx\/index.php\/wp-json\/wp\/v2\/product\/844"}],"collection":[{"href":"https:\/\/fgl.com.mx\/index.php\/wp-json\/wp\/v2\/product"}],"about":[{"href":"https:\/\/fgl.com.mx\/index.php\/wp-json\/wp\/v2\/types\/product"}],"version-history":[{"count":3,"href":"https:\/\/fgl.com.mx\/index.php\/wp-json\/wp\/v2\/product\/844\/revisions"}],"predecessor-version":[{"id":2713,"href":"https:\/\/fgl.com.mx\/index.php\/wp-json\/wp\/v2\/product\/844\/revisions\/2713"}],"wp:featuredmedia":[{"embeddable":true,"href":"https:\/\/fgl.com.mx\/index.php\/wp-json\/wp\/v2\/media\/855"}],"wp:attachment":[{"href":"https:\/\/fgl.com.mx\/index.php\/wp-json\/wp\/v2\/media?parent=844"}],"wp:term":[{"taxonomy":"product_cat","embeddable":true,"href":"https:\/\/fgl.com.mx\/index.php\/wp-json\/wp\/v2\/product_cat?post=844"},{"taxonomy":"product_tag","embeddable":true,"href":"https:\/\/fgl.com.mx\/index.php\/wp-json\/wp\/v2\/product_tag?post=844"}],"curies":[{"name":"wp","href":"https:\/\/api.w.org\/{rel}","templated":true}]}}